{"id":665,"date":"2009-08-29T15:31:39","date_gmt":"2009-08-29T13:31:39","guid":{"rendered":"http:\/\/openmtbmap.org\/?page_id=665"},"modified":"2023-08-16T15:47:07","modified_gmt":"2023-08-16T13:47:07","slug":"enbeginners-starting-guide-dewo-beginnen-tutorial","status":"publish","type":"page","link":"https:\/\/www.velomap.org\/de\/tutorials\/enbeginners-starting-guide-dewo-beginnen-tutorial\/","title":{"rendered":"Beginners Guide &#8211; Windows"},"content":{"rendered":"<p><\/p>\n<p>Diese Seite soll Anfaenger mit GPS oder Garmin bzw den VeloMaps dabei helfen sich zu orientieren. Auch ohne Garmin GPS kann man die VeloMaps benutzen (A: und D:). Wer sich mit Garmin schon auskennt, der sollte sich trotzdem Sektion C: und D: durchlesen. Zur Navigation auf VeloMap.org. Unter \"\u00fcber die VeloMap.org\" befinden sich alle Themen welche speziell sind bei Benutzung der VeloMap (bzw speziell bei mit mkgmap erstellten karten - dem opensource Kartencompiler f\u00fcr OSM Karten). Unter Tutorials befinden sich Themen, die nicht direkt auf die VeloMaps bezogen sind, sondern generell f\u00fcr Garmin Karten und Software gelten.<\/p>\n<p>&nbsp;<\/p>\n<p>Mac OSx \/ Apple Benutzer - bitte Teil <strong>C:<\/strong> und <strong>D:<\/strong> auch lesen - aber das Hauptutorial findet sich hier: <a href=\"https:\/\/www.velomap.org\/de\/tutorials\/install-maps-mac-osx\/\">https:\/\/www.velomap.org\/de\/tutorials\/install-maps-mac-osx\/<\/a><\/p>\n<div class=\"su-spoiler su-spoiler-style-fancy su-spoiler-icon-plus su-spoiler-closed\" data-scroll-offset=\"0\" data-anchor-in-url=\"no\"><div class=\"su-spoiler-title\" tabindex=\"0\" role=\"button\"><span class=\"su-spoiler-icon\"><\/span>Text Tutorials:<\/div><div class=\"su-spoiler-content su-u-clearfix su-u-trim\">\n<h3>A: Garmin Basecamp, Mapinstall sowie Karten am Computer installieren<\/h3>\n<p>1. Herunterladen der Karten von hier <a href=\"https:\/\/www.velomap.org\/de\/download\/\" target=\"_blank\" rel=\"noopener\">https:\/\/www.velomap.org\/de\/download\/<\/a><\/p>\n<p>Windows User k\u00f6nnen die .exe sofort installieren (am besten installiert man gleich zwei Karten!) - ein paar Karten wie etwa die Asien Kontinentkarte oder Europa Kontinentkarte bestehen aus 2 oder sogar 3 Downloads. Hier einfach im Installer die zus\u00e4tzlichen Dateien ausw\u00e4hlen (alle in denselben Ordner runterladen).<\/p>\n<p>- Nix User Entpacken die .exe mit <a href=\"https:\/\/www.7-zip.org\/\" target=\"_blank\" rel=\"noopener\">7-zip<\/a> oder einem anderen Entpacker der lzma unterst\u00fctzt (Ubuntu etwa \"7-zip full\" )<\/p>\n<p>Detaillierte Erkl\u00e4rung f\u00fcr Widnows ist <a href=\"https:\/\/www.velomap.org\/de\/tutorials\/install\/\" target=\"_blank\" rel=\"noopener\">hier zu finden.<\/a><\/p>\n<p>&nbsp;<\/p>\n<p>2. Garmin Basecamp und MapInstall installieren --&gt; <a href=\"https:\/\/www.velomap.org\/de\/tutorials\/install-mapsource\/\" target=\"_blank\" rel=\"noopener\">https:\/\/www.velomap.org\/de\/tutorials\/install-mapsource\/<\/a><\/p>\n<p>Linux: Mapsource 6.13.6 kann unter WINE installiert werden. Ob Garmin Basecamp inzwischen auch installierbar ist kann ich nicht sagen.<\/p>\n<p>&nbsp;<\/p>\n<p>Schritt A kann auch komplett ausgelassen werden, und man kann die Karten auch ohne Mapsource ans GPS senden - dies ist allerdings komplizierter.<\/p>\n<p>&nbsp;<\/p>\n<h3>B: Karten ans GPS senden:<\/h3>\n<p>a) komfortables gehts natuerlich mit Mapsource oder Basecamp (MapInstall), vor allem wenn man mehrere Karten ans GPS\u00a0senden moechte. Achtung, beim senden werden evtl vorhandene Karten am GPS die mit Mapsource\/Basecamp gesendet wurden geloescht, nach dem Senden befinden sich alle Karten am GPS\u00a0die auf einmal zusammen gesendet wurden. Will man Addressuche am GPS, m\u00fcssen die Karten mit Mapsource oder Basecamp ans GPS gesendet werden. <a href=\"https:\/\/www.velomap.org\/de\/velomaporg\/archive\/mkgmap\/\" target=\"_blank\" rel=\"noopener\">\/tutorials\/send-maps-to-your-gps\/mkgmap\/<\/a> <br \/>\n\u00a0<\/p>\n<p>b) Windows User k\u00f6nnen auch auf \"create_gmapsupp.img\" doppelklicken und die dabei erstellte gmapsupp.img aufs GPS\/Speicherkarte in den \/garmin Ordner zu kopieren. Evtl vorhandene Karten die unter gmapsupp.img abgelegt sind, muss man vorher entfernen (am besten absichern). Genauso kann man die gmapsupp.img auch mit mkgmap erstellen oder mit gmaptool. So kann man auch die VeloMap einfach zu anderen Karten ins gmapsupp.img hinzufuegen:<\/p>\n<p><a href=\"https:\/\/www.velomap.org\/de\/tutorials\/mapsource\/\" target=\"_blank\" rel=\"noopener\">send-maps-to-your-gps\/mapsource\/<\/a><\/p>\n<p>Auf neueren GPS kann man die gmapsupp.img auch umbenennen. Etwa in VeloMapDE.img<\/p>\n<p>&nbsp;<\/p>\n<p>ACHTUNG: Auf \u00e4lteren GPS muss man alle Karten auf einmal per Basecamp\/Mapsource ans GPS Schicken (es ist nur gmapsupp.img als Name m\u00f6glich). Die Karten k\u00f6nnen separat am GPS an\/ausgeschaltet werden.<\/p>\n<p>Auf neueren GPS allerdings, sollte man alle Karten separat ans GPS senden, und dann die gmapsupp.img umbenennen, nur so kann man die Karten hier separat an\/abw\u00e4hlen.<\/p>\n<p>&nbsp;<\/p>\n<p>Achtung 2: Die microSD Karte muss FAT32 formatiert sein! MicroSDXC Karten k\u00f6nnen die meisten Garmin GPS Devices nicht einlesen! (also max 32GB microSD kaufen). 16 und 32GB SD Karten werden meist mit Exfat formatiert verkauft. Also unbedingt \u00fcberpr\u00fcfen bzw in deinem Garmin GPS Ger\u00e4t formatieren. Bei falscher Formatierung kann die SD Karte sonst vom Ger\u00e4t nicht gelesen werden.<\/p>\n<p>&nbsp;<\/p>\n<p>&nbsp;<\/p>\n<h3>C: VeloMap am GPS\u00a0benutzen, Besonderheiten:<\/h3>\n<p>Bitte die folgenden 3 Seiten genau lesen.<\/p>\n<p><a href=\"https:\/\/www.velomap.org\/de\/velomaporg\/howto-setup-your-gps\/\" target=\"_blank\" rel=\"noopener\">howto-setup-your-gps\/<\/a> und <a href=\"https:\/\/www.velomap.org\/de\/velomaporg\/autorouting\/\" target=\"_blank\" rel=\"noopener\">autorouting\/<\/a><\/p>\n<p><a href=\"https:\/\/www.velomap.org\/velomaporg\/plan-routes\/\" target=\"_blank\" rel=\"noopener\">plan-routes-efficiently<\/a><\/p>\n<p>&nbsp;<\/p>\n<h3>D: Bei Openstreetmap.org mitmachen und helfen dass die Karten besser werden:<\/h3>\n<p><a href=\"https:\/\/www.velomap.org\/de\/tutorials\/participate\/\" target=\"_blank\" rel=\"noopener\">Participate\/<\/a><\/p>\n<p><\/div><\/div><div class=\"su-spoiler su-spoiler-style-fancy su-spoiler-icon-plus su-spoiler-closed\" data-scroll-offset=\"0\" data-anchor-in-url=\"no\"><div class=\"su-spoiler-title\" tabindex=\"0\" role=\"button\"><span class=\"su-spoiler-icon\"><\/span>Video Tutorials:<\/div><div class=\"su-spoiler-content su-u-clearfix su-u-trim\"><\/p>\n<p><strong>A)<\/strong> Installing the Maps on your Windows PC and Basic Basecamp setup.\u00a0<\/p>\n<div style=\"width: 640px;\" class=\"wp-video\"><video class=\"wp-video-shortcode\" id=\"video-665-4\" width=\"640\" height=\"360\" preload=\"metadata\" controls=\"controls\"><source type=\"video\/mp4\" src=\"https:\/\/www.velomap.org\/wp-content\/uploads\/videos\/openmtbmap_Beginner_Deutsch1.mp4?_=4\" \/><a href=\"https:\/\/www.velomap.org\/wp-content\/uploads\/videos\/openmtbmap_Beginner_Deutsch1.mp4\">https:\/\/www.velomap.org\/wp-content\/uploads\/videos\/openmtbmap_Beginner_Deutsch1.mp4<\/a><\/video><\/div>\n<p>&nbsp;<\/p>\n<p><strong>B)<\/strong> Karten an euer GPS Geraet senden.\u00a0<\/p>\n<ol>\n<li>Entweder mit Garmin Basecamp<\/li>\n<\/ol>\n<div style=\"width: 640px;\" class=\"wp-video\"><video class=\"wp-video-shortcode\" id=\"video-665-5\" width=\"640\" height=\"360\" preload=\"metadata\" controls=\"controls\"><source type=\"video\/mp4\" src=\"https:\/\/www.velomap.org\/wp-content\/uploads\/videos\/Karten_senden_MapInstall.mp4?_=5\" \/><a href=\"https:\/\/www.velomap.org\/wp-content\/uploads\/videos\/Karten_senden_MapInstall.mp4\">https:\/\/www.velomap.org\/wp-content\/uploads\/videos\/Karten_senden_MapInstall.mp4<\/a><\/video><\/div>\n<p>2. Oder in dem ihr die gmapsupp.img Downloads benutzt<\/p>\n<div style=\"width: 640px;\" class=\"wp-video\"><video class=\"wp-video-shortcode\" id=\"video-665-6\" width=\"640\" height=\"360\" preload=\"metadata\" controls=\"controls\"><source type=\"video\/mp4\" src=\"https:\/\/www.velomap.org\/wp-content\/uploads\/videos\/Karten_senden_gmapsupp.mp4?_=6\" \/><a href=\"https:\/\/www.velomap.org\/wp-content\/uploads\/videos\/Karten_senden_gmapsupp.mp4\">https:\/\/www.velomap.org\/wp-content\/uploads\/videos\/Karten_senden_gmapsupp.mp4<\/a><\/video><\/div>\n<p><strong>C)<\/strong> Routen und Tracks in Basecamp planen ( https:\/\/openmtbmap.org\/about-2\/autorouting\/ &amp; https:\/\/openmtbmap.org\/about-2\/plan-routes\/\u00a0 )<\/p>\n<div style=\"width: 640px;\" class=\"wp-video\"><video class=\"wp-video-shortcode\" id=\"video-665-7\" width=\"640\" height=\"360\" preload=\"metadata\" controls=\"controls\"><source type=\"video\/mp4\" src=\"https:\/\/www.velomap.org\/wp-content\/uploads\/videos\/Routen_Planen_deutsch.mp4?_=7\" \/><a href=\"https:\/\/www.velomap.org\/wp-content\/uploads\/videos\/Routen_Planen_deutsch.mp4\">https:\/\/www.velomap.org\/wp-content\/uploads\/videos\/Routen_Planen_deutsch.mp4<\/a><\/video><\/div>\n<p>&nbsp;<\/p>\n<p>Sorry - die letzten beiden Punkte sind per Video schlechter erklaerbar - daher als Text - wobei ihr von Punkt D schon die Grundzuege im letzten Video gesehen habt.<\/p>\n<h3>D: VeloMap am GPS benutzen, Besonderheiten:<\/h3>\n<p>Bitte die folgenden 3 Seiten genau lesen.<\/p>\n<p><a href=\"https:\/\/www.velomap.org\/de\/velomaporg\/howto-setup-your-gps\/\" target=\"_blank\" rel=\"noopener\">howto-setup-your-gps\/<\/a> und <a href=\"https:\/\/www.velomap.org\/de\/velomaporg\/autorouting\/\" target=\"_blank\" rel=\"noopener\">autorouting\/<\/a><\/p>\n<p><a href=\"https:\/\/www.velomap.org\/velomaporg\/plan-routes\/\" target=\"_blank\" rel=\"noopener\">plan-routes-efficiently<\/a><\/p>\n<p>&nbsp;<\/p>\n<h3>E: Bei Openstreetmap.org mitmachen und helfen dass die Karten besser werden:<\/h3>\n<p><a href=\"https:\/\/www.velomap.org\/de\/tutorials\/participate\/\" target=\"_blank\" rel=\"noopener\">Participate\/<\/a><\/p>\n<p><\/div><\/div>\u00a0<\/p>\n<p><\/p>","protected":false},"excerpt":{"rendered":"<\/p>\n<p>Diese Seite soll Anfaenger mit GPS oder Garmin bzw den VeloMaps dabei helfen sich zu orientieren. Auch ohne Garmin GPS kann man die VeloMaps benutzen (A: und D:). Wer sich mit Garmin schon auskennt, der sollte sich trotzdem Sektion C: und D: durchlesen. Zur Navigation auf VeloMap.org. Unter &#8220;\u00fcber die VeloMap.org&#8221; befinden sich alle Themen welche speziell sind bei Benutzung der VeloMap (bzw speziell bei mit mkgmap erstellten karten &#8211; dem opensource Kartencompiler f\u00fcr OSM Karten). Unter Tutorials befinden sich Themen, die nicht direkt auf die VeloMaps bezogen sind, sondern generell f\u00fcr Garmin Karten und Software gelten.<\/p>\n<p>&nbsp;<\/p>\n<p>Mac OSx \/ Apple Benutzer &#8211; bitte Teil C: und D: auch lesen &#8211; aber das Hauptutorial findet sich hier: https:\/\/www.velomap.org\/de\/tutorials\/install-maps-mac-osx\/<\/p>\n<p> Text Tutorials: A: Garmin Basecamp, Mapinstall sowie Karten am Computer installieren <\/p>\n<p>1. Herunterladen der Karten von hier https:\/\/www.velomap.org\/de\/download\/<\/p>\n<p>Windows User k\u00f6nnen die .exe sofort installieren (am besten installiert man gleich zwei Karten!) &#8211; ein paar Karten wie etwa die Asien Kontinentkarte oder Europa Kontinentkarte bestehen aus 2 oder sogar 3 Downloads. Hier einfach im Installer die zus\u00e4tzlichen Dateien ausw\u00e4hlen (alle in denselben Ordner runterladen).<\/p>\n<p>&#8211; Nix User Entpacken die .exe mit 7-zip oder einem anderen Entpacker der lzma unterst\u00fctzt (Ubuntu [&#8230;]<\/p>\n","protected":false},"author":2561,"featured_media":0,"parent":144,"menu_order":3,"comment_status":"open","ping_status":"closed","template":"","meta":{"footnotes":""},"class_list":["post-665","page","type-page","status-publish","hentry","odd"],"_links":{"self":[{"href":"https:\/\/www.velomap.org\/de\/wp-json\/wp\/v2\/pages\/665","targetHints":{"allow":["GET"]}}],"collection":[{"href":"https:\/\/www.velomap.org\/de\/wp-json\/wp\/v2\/pages"}],"about":[{"href":"https:\/\/www.velomap.org\/de\/wp-json\/wp\/v2\/types\/page"}],"author":[{"embeddable":true,"href":"https:\/\/www.velomap.org\/de\/wp-json\/wp\/v2\/users\/2561"}],"replies":[{"embeddable":true,"href":"https:\/\/www.velomap.org\/de\/wp-json\/wp\/v2\/comments?post=665"}],"version-history":[{"count":0,"href":"https:\/\/www.velomap.org\/de\/wp-json\/wp\/v2\/pages\/665\/revisions"}],"up":[{"embeddable":true,"href":"https:\/\/www.velomap.org\/de\/wp-json\/wp\/v2\/pages\/144"}],"wp:attachment":[{"href":"https:\/\/www.velomap.org\/de\/wp-json\/wp\/v2\/media?parent=665"}],"curies":[{"name":"wp","href":"https:\/\/api.w.org\/{rel}","templated":true}]}}