{"id":6,"date":"2009-04-06T20:12:04","date_gmt":"2009-04-06T19:12:04","guid":{"rendered":"http:\/\/openmtbmap.org\/?page_id=6"},"modified":"2020-07-03T15:08:26","modified_gmt":"2020-07-03T13:08:26","slug":"map-legend","status":"publish","type":"page","link":"https:\/\/www.velomap.org\/de\/about-2\/map-legend\/","title":{"rendered":"Kartenlegende"},"content":{"rendered":"<p><\/p>\n<p>Nur die Linienarten unterscheiden sich zwischen VeloMap und OpenMTBMap. Beide Karten versuchen nur dass fuer die jeweilige Benutzung wichtige anzuzeigen und hervorzuheben. Waehrend die VeloMap also saemtliche Wege\/Pfade die mit einem Stra\u00dfenfahrrad eh kaum zu befahren sind einheitlich unauffaelig darstellt, bekommt man mit der OpenMTBMap hier deutlich mehr Informationen angezeigt. Die Kartenlegende ist etwas veraltet. Man kann sie sich als Karte immer Topaktuell in Mapsource installieren. So bekommt man noch mehr Infos als hier darstellbar sind - da sie auch als .osm Textdatei vorliegt, kann man auch in Josm anschauen, was denn fuer Schluessel wie umgesetzt werden.<\/p>\n<h4>Polylinien (Highways):<\/h4>\n<p>Notiz: Einige \"Keys\" wie tracktype sind ein Zusammenschluss mehrere Keys wie etwa in dem Fall, surface, smoothness und tracktype. Wie die Gewichtung hierfuer ist bitte im style-file (siehe FAQ) nachlesen.<\/p>\n<p>&nbsp;<\/p>\n<p>Im Prinzip gibt es 6 verschiedene Layouts. Da sich die Layouts f\u00fcr das GPS bis auf sehr geringe Kleinigkeiten, jedoch nur in der Liniendicke unterscheiden, sind hier f\u00fcr die Layouts \"clas\", \"thin\" und \"wide\" exemplarisch nur Legendbeispiele f\u00fcr das \"clas\" Layout gegeben. Easy und Hiking lassen im Prinzip haupts\u00e4chlich Informationen weg, und sind daher dem clas Layout auch sehr \u00e4hnlich.<\/p>\n<p>Zuerst ist immer das \"trad\" Layout - welches f\u00fcr Desktop Benutzung also Planung mit Mapsource \/ Basecamp oder Qlandkarte GT geeignet ist, und darunter das \"clas\" oder GPS Layout.<\/p>\n<p><img loading=\"lazy\" decoding=\"async\" style=\"cursor: default;\" src=\"https:\/\/www.velomap.org\/wp-content\/uploads\/legend\/main_highways_trad.png\" alt=\"Main Highways &quot;trad&quot; layout\" width=\"472\" height=\"602\" \/><img loading=\"lazy\" decoding=\"async\" style=\"cursor: default;\" src=\"https:\/\/www.velomap.org\/wp-content\/uploads\/legend\/main_highways_clas.png\" alt=\"Main highways &quot;clas&quot; layout\" width=\"479\" height=\"605\" \/><\/p>\n<p>&nbsp;<\/p>\n<p>Wege with mtb attribute oder sac_scale -- Thumbnails - drauf klicken f\u00fcr volle Gr\u00f6\u00dfe.<\/p>\n<p><a href=\"https:\/\/www.velomap.org\/wp-content\/uploads\/legend\/mtb_highways_trad.png\"><img decoding=\"async\" style=\"cursor: default;\" src=\"https:\/\/www.velomap.org\/wp-content\/uploads\/legend\/mtb_highways_trad.png\" alt=\"\" \/><\/a><a href=\"https:\/\/www.velomap.org\/wp-content\/uploads\/legend\/mtb_highways_clas.png\"><img decoding=\"async\" style=\"cursor: default;\" src=\"https:\/\/www.velomap.org\/wp-content\/uploads\/legend\/mtb_highways_clas.png\" alt=\"Ways with mtb attributes - &quot;clas&quot; layout\" \/><\/a><\/p>\n<p>&nbsp;<\/p>\n<p>Weitere Wege und Linien - Thumbnails, draufklicken f\u00fcr volle Gr\u00f6\u00dfe.<\/p>\n<p><a href=\"https:\/\/www.velomap.org\/wp-content\/uploads\/legend\/additional_lines_trad.png\"><img decoding=\"async\" style=\"cursor: default;\" src=\"https:\/\/www.velomap.org\/wp-content\/uploads\/legend\/additional_lines_trad.png\" alt=\"Additional ways and lines - &quot;trad&quot; layout\" \/><\/a><a href=\"https:\/\/www.velomap.org\/wp-content\/uploads\/legend\/additional_lines_clas.png\"><img decoding=\"async\" style=\"cursor: default;\" src=\"https:\/\/www.velomap.org\/wp-content\/uploads\/legend\/additional_lines_clas.png\" alt=\"Additonal ways and lines &quot;clas&quot; layout\" \/><\/a><\/p>\n<p>&nbsp;<\/p>\n<p><strong>Highway Klassifizierungen<\/strong><\/p>\n<p><strong>M12 \/ Mr34<\/strong> -- Die erste Zahl steht f\u00fcr die Singletrailskala bergab (mtb:scale) - die zweite Zahl steht f\u00fcr die Schwierigkeit bergauf (mtb:scale:uphill).\u00a0 \"r\" bedeutet dass der Weg Teil einer MTB Route ist. Genau Erkl\u00e4rung hier:<a class=\"linkification-ext\" title=\"Linkification: http:\/\/wiki.openstreetmap.org\/wiki\/de:Key:mtb:scale\" href=\"https:\/\/wiki.openstreetmap.org\/wiki\/DE:Key:mtb:scale\">http:\/\/wiki.openstreetmap.org\/wiki\/de:Key:mtb:scale<\/a><br \/>\n<strong>G1\u00a0<\/strong>-- tracktype=grade1 - Zustand einer Fahrstra\u00dfe von 1 (asphaltiert) bis 5 (sehr uneben).\u00a0 <span style=\"text-decoration: underline;\"><a class=\"linkification-ext\" title=\"Linkification: http:\/\/wiki.openstreetmap.org\/wiki\/DE:Key:tracktype\" href=\"https:\/\/wiki.openstreetmap.org\/wiki\/DE:Key:tracktype\">http:\/\/wiki.openstreetmap.org\/wiki\/DE:Key:tracktype<\/a><\/span><\/p>\n<p>Allerding leite ich auch aus Smoothness und Surface einen tracktype Wert ab - bzw versuche wenn sich die Werte widersprechen - einen m\u00f6glichst guten Wert zu raten.<\/p>\n<p><strong>T2<\/strong> -- sac_scale=T2 (mountain hiking) - Bergwanderskala des Schweizer Alpenvereins - Schwierigkeit zu Fu\u00df von T1 bis T6 (Wandern bis Schwieriges Alpines Bergsteigen): <a class=\"linkification-ext\" title=\"Linkification: http:\/\/wiki.openstreetmap.org\/wiki\/de:Key:sac_scale\" href=\"https:\/\/wiki.openstreetmap.org\/wiki\/DE:Key:sac_scale\">http:\/\/wiki.openstreetmap.org\/wiki\/de:Key:sac_scale<\/a><\/p>\n<p><strong>Xbk<\/strong>\u00a0--bicycle=no -- Fahrradfahren offiziell laut Schild verboten<br \/>\n<strong>Cr<\/strong>\u00a0Or\u00a0<strong>Mr<\/strong>\u00a0-- route=bicycle \/ route=mtb. Teil einer <strong>M<\/strong>ountainbike-<strong>R<\/strong>oute (Mr) bzw <strong>C<\/strong>ylce<strong>R<\/strong>oute (Fahrradroute - Cr) Siehe:\u00a0<a class=\"linkification-ext\" title=\"Linkification: http:\/\/wiki.openstreetmap.org\/wiki\/de:relation:route\" href=\"https:\/\/wiki.openstreetmap.org\/wiki\/DE:Relation:route\">http:\/\/wiki.openstreetmap.org\/wiki\/de:relation:route<\/a><\/p>\n<p>&nbsp;<\/p>\n<p><strong>Highway Abk\u00fcrzungen:<\/strong><\/p>\n<p>See:\u00a0<a class=\"linkification-ext\" title=\"Linkification: http:\/\/wiki.openstreetmap.org\/wiki\/de:Key:highway\" href=\"https:\/\/wiki.openstreetmap.org\/wiki\/DE:Key:highway\">http:\/\/wiki.openstreetmap.org\/wiki\/de:Key:highway<\/a><\/p>\n<p><strong>Pri<\/strong>=primary \/ primary_link - entspricht Bundesstra\u00dfe<br \/>\n<strong>Sec<\/strong>=secondary - entspricht Landstra\u00dfe<br \/>\n<strong>Ter<\/strong>=tertiary - Kreisstra\u00dfe<br \/>\n<strong>Cw<\/strong>=cycleway - Fahrradweg<br \/>\n<strong>Min<\/strong>=minor - Nierderrangige Stra\u00dfe<br \/>\n<strong>Unsf<\/strong>=unsurfaced - Nicht befestigte Stra\u00dfe<br \/>\n<strong>Uncl<\/strong>=unclassified - Niederrangige Stra\u00dfe<br \/>\n<strong>Living<\/strong>=living_street - Wohnstra\u00dfe<br \/>\n<strong>Pdstrn<\/strong>=pedestrian - Einkaufsstra\u00dfe\/Fu\u00dfg\u00e4ngerzone<br \/>\n<strong>Trk<\/strong>=track - Fahrstra\u00dfe\/Forstweg<br \/>\n<strong>Pth<\/strong>=path - Weg<br \/>\n<strong>Ft<\/strong>=footway - Fu\u00dfweg<br \/>\n<strong>Fp<\/strong>=footpath - Fu\u00dfpfad<br \/>\n<strong>Brdlw<\/strong>=bridleway - je nach Land unterschiedliche Bedeutung von Reitweg zu Weg f\u00fcr Pferde und Fahrradfahrer und Fu\u00dfg\u00e4nger<br \/>\n<strong>Rd<\/strong>=road - unbekannte Stra\u00dfe<br \/>\n<strong>Byw<\/strong>=byway - Nebenstra\u00dfe<br \/>\n<strong>Ser<\/strong>=service - Wirtschaftsstra\u00dfe f\u00fcr kurze Strecke.<\/p>\n<p>&nbsp;<\/p>\n<p><strong>Cyclelane\/Cycletrack<\/strong><\/p>\n<p>Siehe:\u00a0<a class=\"linkification-ext\" title=\"Linkification: http:\/\/wiki.openstreetmap.org\/wiki\/de:Key:cycleway\" href=\"https:\/\/wiki.openstreetmap.org\/wiki\/DE:Key:cycleway\">http:\/\/wiki.openstreetmap.org\/wiki\/de:Key:cycleway<\/a><\/p>\n<p><strong>Bklane<\/strong>=cycleway=lane<br \/>\n<strong>Bktrk -\u00a0<\/strong>cycleway=track<br \/>\n<strong>Opp<\/strong>\u00a0- cycleway=opposite<br \/>\n<strong>Opptrk<\/strong>\u00a0- cycleway=opposite_track<\/p>\n<p>&nbsp;<\/p>\n<p><\/p>","protected":false},"excerpt":{"rendered":"<\/p>\n<p>Nur die Linienarten unterscheiden sich zwischen VeloMap und OpenMTBMap. Beide Karten versuchen nur dass fuer die jeweilige Benutzung wichtige anzuzeigen und hervorzuheben. Waehrend die VeloMap also saemtliche Wege\/Pfade die mit einem Stra\u00dfenfahrrad eh kaum zu befahren sind einheitlich unauffaelig darstellt, bekommt man mit der OpenMTBMap hier deutlich mehr Informationen angezeigt. Die Kartenlegende ist etwas veraltet. Man kann sie sich als Karte immer Topaktuell in Mapsource installieren. So bekommt man noch mehr Infos als hier darstellbar sind &#8211; da sie auch als .osm Textdatei vorliegt, kann man auch in Josm anschauen, was denn fuer Schluessel wie umgesetzt werden.<\/p>\n<p> Polylinien (Highways): <\/p>\n<p>Notiz: Einige &#8220;Keys&#8221; wie tracktype sind ein Zusammenschluss mehrere Keys wie etwa in dem Fall, surface, smoothness und tracktype. Wie die Gewichtung hierfuer ist bitte im style-file (siehe FAQ) nachlesen.<\/p>\n<p>&nbsp;<\/p>\n<p>Im Prinzip gibt es 6 verschiedene Layouts. Da sich die Layouts f\u00fcr das GPS bis auf sehr geringe Kleinigkeiten, jedoch nur in der Liniendicke unterscheiden, sind hier f\u00fcr die Layouts &#8220;clas&#8221;, &#8220;thin&#8221; und &#8220;wide&#8221; exemplarisch nur Legendbeispiele f\u00fcr das &#8220;clas&#8221; Layout gegeben. Easy und Hiking lassen im Prinzip haupts\u00e4chlich Informationen weg, und sind daher dem clas Layout auch sehr \u00e4hnlich.<\/p>\n<p>Zuerst ist immer das &#8220;trad&#8221; Layout &#8211; welches f\u00fcr [&#8230;]<\/p>\n","protected":false},"author":2561,"featured_media":0,"parent":30,"menu_order":1,"comment_status":"open","ping_status":"closed","template":"","meta":{"footnotes":""},"class_list":["post-6","page","type-page","status-publish","hentry","odd"],"_links":{"self":[{"href":"https:\/\/www.velomap.org\/de\/wp-json\/wp\/v2\/pages\/6","targetHints":{"allow":["GET"]}}],"collection":[{"href":"https:\/\/www.velomap.org\/de\/wp-json\/wp\/v2\/pages"}],"about":[{"href":"https:\/\/www.velomap.org\/de\/wp-json\/wp\/v2\/types\/page"}],"author":[{"embeddable":true,"href":"https:\/\/www.velomap.org\/de\/wp-json\/wp\/v2\/users\/2561"}],"replies":[{"embeddable":true,"href":"https:\/\/www.velomap.org\/de\/wp-json\/wp\/v2\/comments?post=6"}],"version-history":[{"count":0,"href":"https:\/\/www.velomap.org\/de\/wp-json\/wp\/v2\/pages\/6\/revisions"}],"up":[{"embeddable":true,"href":"https:\/\/www.velomap.org\/de\/wp-json\/wp\/v2\/pages\/30"}],"wp:attachment":[{"href":"https:\/\/www.velomap.org\/de\/wp-json\/wp\/v2\/media?parent=6"}],"curies":[{"name":"wp","href":"https:\/\/api.w.org\/{rel}","templated":true}]}}