{"id":370,"date":"2009-05-12T15:28:52","date_gmt":"2009-05-12T13:28:52","guid":{"rendered":"http:\/\/openmtbmap.org\/?page_id=370"},"modified":"2024-04-24T00:40:05","modified_gmt":"2024-04-23T22:40:05","slug":"faq","status":"publish","type":"page","link":"https:\/\/www.velomap.org\/de\/velomaporg\/faq\/","title":{"rendered":"FAQ"},"content":{"rendered":"<p><\/p>\n<p>&nbsp;<\/p>\n<p>&nbsp;<\/p>\n<p>&nbsp;<\/p>\n<h3>Ich moechte Fehler in den Kartendaten ausbessern, eweitern, GPS-Tracks hochladen, ...<\/h3>\n<p>Siehe hier\u00a0 <a class=\"linkification-ext\" title=\"Linkification: https:\/\/www.velomap.org\/de\/tutorials\/participate\/\" href=\"https:\/\/www.velomap.org\/de\/tutorials\/participate\/\">https:\/\/www.velomap.org\/de\/tutorials\/participate\/<\/a> .<\/p>\n<p>&nbsp;<\/p>\n<h3>Ich moechte zur VeloMap beitragen \/ eigene Wege hinzufuegen, ....<\/h3>\n<p>Siehe hier\u00a0 <a class=\"linkification-ext\" title=\"Linkification: https:\/\/www.velomap.org\/de\/tutorials\/participate\/\" href=\"https:\/\/www.velomap.org\/de\/tutorials\/participate\/\">https:\/\/www.velomap.org\/de\/tutorials\/participate\/<\/a> .<\/p>\n<p>&nbsp;<\/p>\n<h3>Ich habe einen VeloMap Premium Account\/Mitgliedschaft -\u00a0 kann ich auch die Premium OpenMTBMaps runterladen?<\/h3>\n<p>Ja Nat\u00fcrlich. Allerdings hat die OpenMTBMap.org Website, eine andere Datenbank. Dein Login funktioniert dort also nicht. Bitte lade alle OpenMTBMaps einfach von hier runter (im Prinzip nur den Richtung Unterbutton unter Download ausw\u00e4hlen):<\/p>\n<p><strong>Windows\/Linux<\/strong> : <a href=\"https:\/\/www.velomap.org\/download\/openmtbmap\/\">https:\/\/www.velomap.org\/download\/openmtbmap\/<\/a><\/p>\n<p><strong>Mac OSx<\/strong> - einfach nur runterscrollen, die OpenMTBMaps folgend den VeloMap Downloads<\/p>\n<p>&nbsp;<\/p>\n<h3>Wann tauchen Aenderungen auf, bzw warum kann ich auf openstreetmap.org Stra\u00dfen sehen die in der VeloMap fehlen?<\/h3>\n<p>Nach Updates, derzeit 1 mal pro Woche.<\/p>\n<p>&nbsp;<\/p>\n<h3>Wie update ich die Maps?<\/h3>\n<p>Einfach Installer nochmal dr\u00fcberrennen lassen.<\/p>\n<p>&nbsp;<\/p>\n<h3>Die Karten \/ Downloads haben einen Virus (meist Norton\/Symanctec Antiviurs) :<\/h3>\n<p>Wer Norton Antivirus benutzt - wird oft\u00a0 \"WS.Reputation.1\" threat als Virusmeldung bekommen. Dies ist eine klassische Fehlmeldung. Norton benutzt eine Regel die h\u00f6chst kritisch ist - Popul\u00e4re Programme die von vielen Usern gedownloaded werden, sind meist sicher. Programme die eine gewisse Installationsschwelle nicht erreichen - potentiel unsicher und als Fehlermeldung kommt dann die kryptische \"WS.Reputation.1\". Das sowas Schwachsinn ist, sollte jedem einleuchten. Daher werden auch einige L\u00e4nder wie mtbgermany.exe nicht von Norton AV beanstandet, andere wie mtbsyria.exe schon - obwohl der Installer beider L\u00e4nder quasi gleich ist.<\/p>\n<p>Bitte benutze einen sicheres Antivirusprogramm stattdessen (denn viele Falschmeldungen konterkarieren den Sinn eines Antivirusprogramms). Ich w\u00fcrde Antivir (kostenlos) stattdessen empfehlen.<\/p>\n<p>&nbsp;<\/p>\n<p>Eine zweite beliebte Falschmeldung von vielen Antivirenprogrammen betrifft <a href=\"https:\/\/gmaptool.eu\/en\/content\/gmaptool\">gmt.exe<\/a><\/p>\n<p>&nbsp;<\/p>\n<p>Dies ist im Prinzip berechtigt - denn gmt kann quasi low-level Dateien ver\u00e4ndern. Es ist allerdings ein sehr sicheres und etabliertes Programm welches ben\u00f6tigt wird um die gmapsupp.img Kartengenerierung schnell durchzuf\u00fchren, bzw die anderen create... .batch Dateien brauchen es. Es ist quasi das Schweizer Taschenmesser f\u00fcr Garmin Karten.<\/p>\n<p>&nbsp;<\/p>\n<p>Wer unsicher ist, kann ganz einfach alle Karten (also die Installer) entpacken. Die Installer die ich benutze (NSIS) machen nichts anderes als die Karten zu entpacken, sowie in der Windows Registry die erforderlichen Eintr\u00e4ge zu schreiben.<\/p>\n<p>&nbsp;<\/p>\n<p>&nbsp;<\/p>\n<h3>Zip Archiv ist beschaedigt<\/h3>\n<p>Hast du schon versucht es mit 7-zip oder winrar zu entpacken? Ich packe die Karten mit 7-zip (LZMA2 Format), da dies 10% besser komprimiert als andere Formate. Der in Windows integrierte Unzipper kann die Karten nicht entpacken. Unter Linux sollte es generell gehen wenn man p7zipfull installiert (hat).<\/p>\n<p>&nbsp;<\/p>\n<h3>Auf dem GPS fehlen die Stra\u00dfen, Maps lassen sich nicht ans GPS senden, oder Inkludiere Routingdaten ist ausgegraut in Mapsource...<\/h3>\n<p>Bite lese <a class=\"linkification-ext\" title=\"Linkification: https:\/\/www.velomap.org\/de\/tutorials\/send-maps-to-your-gps\/mapsource\/\" href=\"https:\/\/www.velomap.org\/de\/tutorials\/mapsource\/\">send-maps-to-your-gps\/mapsource\/<\/a><\/p>\n<p>Wofuer glaubst du mach ich mir die Muehe Anleitungen zu schreiben? Kommentare zu dem Thema werden ab sofort ohne Antwort geloescht.<\/p>\n<p>&nbsp;<\/p>\n<p>&nbsp;<\/p>\n<h3>Mapsource beschwert sich dass keine Karten installiert sind und startet nicht.<\/h3>\n<p>RTFM <a class=\"linkification-ext\" title=\"Linkification: https:\/\/www.velomap.org\/tutorials\/install-mapsource\/\" href=\"https:\/\/www.velomap.org\/tutorials\/install-mapsource\/\">tutorials\/install-mapsource\/<\/a> und <a href=\"https:\/\/www.velomap.org\/de\/tutorials\/install\/\" target=\"_self\" rel=\"noopener\">tutorials\/install\/<\/a> und installiere erstmal eine Karte. Mapsource startet erst wenn mindestens eine Karte korrekt installiert ist. .<\/p>\n<p>Ausserdem achte ich nur noch darauf, dass die Karten mit Mapsource 6.16.3 oder neuer funktionieren. \u00c4ltere Mapsource Versionen st\u00fcrzen gerne einmal ab.<\/p>\n<p>&nbsp;<\/p>\n<p>&nbsp;<\/p>\n<h3>Mapsource meint es muss neu installiert werden<\/h3>\n<p>Zuerst durchlesen ob Mapsource korrekt installiert wurde bei Neuinstallation, bzw ob die Karten richtig installiert wurden:<\/p>\n<p><a href=\"https:\/\/www.velomap.org\/de\/tutorials\/install-mapsource\/\">https:\/\/www.velomap.org\/de\/tutorials\/install-mapsource\/<\/a><\/p>\n<p><a href=\"https:\/\/www.velomap.org\/de\/tutorials\/install\/\">tutorials\/install\/<\/a><\/p>\n<p>&nbsp;<\/p>\n<p>Normalerweise sollte dies nicht passieren, zum loesen:<\/p>\n<p>1.Rechtsklick auf\u00a0 uninstall.bat und auf \"als Administrator ausfuehren \" klicken. Hierdurch wird die Karte wieder deinstalliert. Startet Mapsource danach noch immer nicht, hat eine andere Karte das Schlamassel verursacht.<\/p>\n<p>2. Mapset Toolkit installieren <a class=\"linkification-ext\" title=\"Linkification: http:\/\/cypherman1.googlepages.com\/home\" href=\"https:\/\/accounts.google.com\/v3\/signin\/identifier?dsh=S-720906490%3A1680267518339413&amp;continue=https%3A%2F%2Fsites.google.com%2Fsite%2Fsites%2Fsystem%2Ferrors%2FWebspaceNotFound%3Fpath%3D%2Fcypherman1%2Fhome&amp;followup=https%3A%2F%2Fsites.google.com%2Fsite%2Fsites%2Fsystem%2Ferrors%2FWebspaceNotFound%3Fpath%3D%2Fcypherman1%2Fhome&amp;ifkv=AQMjQ7Sassx2eRUSFlmKLD8BdtfCtqZ4leKhKks9rL02YfUdblIRzMYuZ87jyaC-0fc6sb_aQ2rA4w&amp;passive=1209600&amp;service=jotspot&amp;flowName=GlifWebSignIn&amp;flowEntry=ServiceLogin\">cypherman1.googlepages.com\/home<\/a> und auf Fehler ueberpruefen lassen \"Check Registry\". Karten wo ein Fehler auftaucht dann deinstallieren.<\/p>\n<p>Man kann Karten komplett neu installieren, wie das geht steht hier:\u00a0 <a class=\"linkification-ext\" title=\"Linkification: https:\/\/www.velomap.org\/about\/install\/installation-with-mapsettoolkit\/\" href=\"https:\/\/www.velomap.org\/velomaporg\/archive\/installation-with-mapsettoolkit\/\">https:\/\/www.velomap.org\/about\/install\/installation-with-mapsettoolkit\/<\/a><\/p>\n<p>Kontaktiert mich NUR dann persoenlich per e-mail WENN: du herausgefunden hast WARUM install.bat nicht funktioniert und wo noch eine Dokumentation dazu fehlt. Generelle Fehlermeldungen bitte hier per Kommentar machen - ich antworte aber nicht auf Sachen die hier schon beschrieben wurden. Also am besten noch einmal alle in Frage kommenden Seiten durchlesen. .<\/p>\n<p>&nbsp;<\/p>\n<p>&nbsp;<\/p>\n<p>Du kannst auch hiermit deine Karteninstallationen \u00fcberpr\u00fcfen: <a href=\"https:\/\/www.javawa.nl\/gmtk_en.html\">http:\/\/www.javawa.nl\/gmtk_en.html<\/a><\/p>\n<p>GMTK ist moderner und etwas besser als Mapset Toolkit - allerdings ist es auch etwas komplexer.<\/p>\n<p>&nbsp;<\/p>\n<p>&nbsp;<\/p>\n<h3>Ich kann die Karten in Mapsource nicht oeffnen<\/h3>\n<p>Les die Anleitungen, Die Karten muessen installiert werden. Danach gibt es ein Drop-Down Menue zum aktivieren der Karten links oben. Mapsource funktioniert nur mit Administratorrechten. Daran kann ich auch nichts aendern. Benutz anstelle Qlandkarte GT wenn du Mapsource nicht mit Admin Rechten ausfuehren kannst. Install.bat funktioniert fuer 99% der taeglich bis zu 1000 Personen die hier Karten runterladen einwandfrei, wenn es bei dir nicht funktioniert, dann suche den Fehler zu erste bei dir, und lese auf jeden FALL\u00a0die Anleitung zum installieren der Karten hier auf der Webpage.<\/p>\n<p>Ich bin es leid Frage zu Mapsource zu beantworten. Mapsource ist relativ einfach zu bedienen, erwarte aber nicht dass du es sofort kapierst. Die meisten User finden auch noch nach Wochen neue Funktionen heraus. Lies die Anleitungen hier, dass wichtigste ist hier schon beschrieben, google, und hast du schon gemerkt, dass Mapsource selber eine Anleitung hat? Diese ist auch Sinnvoll zu lesen. Wer sich schwerer am PC tut, sollte hier alle Tutorials durcharbeiten (auch anderen sei dies empfohlen): <\/p>\n<p>&nbsp;<\/p>\n<p>&nbsp;<\/p>\n<h3>Mapsource braucht ewig zum senden der Karten<\/h3>\n<p>Man kann auch auf externe Card Reader die Karten direkt auf die Speicherkarte uebertragen. Dies geht je nach Card Reader \/\u00a0Speicherkarte 10-30x schneller als das versenden ueber USB, da fast alle Garmin Geraete nur USB 1.1 unterstuetzen.<\/p>\n<p>&nbsp;<\/p>\n<p>&nbsp;<\/p>\n<h3>Autorouting funktioniert am Geraet nicht zufriedenstellen.<\/h3>\n<p>Les den Artikel https:\/\/www.velomap.org\/de\/velomaporg\/autorouting\/ . Es funktioniert nicht ueber so gro\u00dfe Distanzen wie in Mapsource, die Wegeauswahl sollte aber fast ident sein. SOLANGE\u00a0man die selben Einstellungen setzt. Als Default empfehle ich<strong> Auto\/Motorrad<\/strong>, und <strong>schnellere Route<\/strong> zum mountainbiken\/wandern. Zum \"Radeln\" den Haken bei <strong>Mautstra\u00dfen vermeiden<\/strong> setzen, somit werden nicht Trekkingbike taugliche Wege ausgeschlossen (wenn korrekt getagged). Wenns moeglichst schnell bergab ins Tal soll, dann funktioniert auch kuerzere Strecke sehr gut, wenn man dazu noch Fu\u00dfgaenger oder Fahrrad auswaehlt, dann werden quasi alle Wege auf moeglichst kurzer Distanz genommen. Mautstra\u00dfen vermeiden sollte man dann natuerlich deaktivieren.<\/p>\n<p>&nbsp;<\/p>\n<p>&nbsp;<\/p>\n<h3>Mapsource oder mein\u00a0 GPS (PNA) crasht beim berechnen der Route oder reagiert nicht mehr.<\/h3>\n<p>Autorouting ist sehr komplex. Mkgmap hat hier auch noch keine 100% funktionierende Umsetzung. So gibt es noch Probleme wenn in der Openstreetmap Nodes naeher als 1m beieinander liegen sowie unterstuetzt noch nicht alle Auschlussoptionen. Ausserden habe ich das Routing fuer MTB\/Wandern bzw Fahrrad (Ausschluss von Mautstra\u00dfen) optimiert, was die Sache fuer die Berechnung noch deutlich kompliziert. Autorouting sollte meist ueber Distanzen von 20-30km funktionieren (die Berechnung kann am GPS aber ueber 1-2 Minuten brauchen). Wenn man zu einem 60-70km weit entfernten Punkt routen will, wird dies nur klappen wenn eine Fahrrad oder Mountainbikeroute dort hin fuehrt (Achtung, ganz haeufig sind hier Teilstuecke nicht in der Relation inkludiert, was das Routing noch einmal erschwert). Man kann aber Zwischenpunkte setzen und ueber kleinere Distanzen so zum Ziel routen.<\/p>\n<p>Es gibt aber ein Limit von 100 Abbiegeinstruktionen auf einigen GPS (nicht jedoch in Mapsource). Ein gro\u00dfes Problem sind auch unverbundene Stra\u00dfen\/Wege in Openstreetmap. Dies sollte sich aber in Zukunft verbessern (Potlatch ist hier seit kurzem deutlich Anwenderfreundlicher).<\/p>\n<p>Fuer Autorouting zum Autofahren sind die Karten nicht gedacht. Hierfuer sollte man andere Karten benutzen. Wenn man auf Kuerzerte Distanz, anstatt Schnellerer Fahrzeit klickt, sollte das Routing ueber etwas weitere Strecken routen, aber dafuer wird vermehrt auf gro\u00dfen Stra\u00dfen geroutet (Autobahnen und Schnellstra\u00dfen sind vom Routing ausgeschlossen).<\/p>\n<p>Es gibt Berichte dass teils Oregon User die Routenberechnung nur ueber Hard Reset (Batterie rausnehmen) abbrechen koennen, am besten in so einem Fall auf die neueste Firmware updaten bzw bei Garmin beschweren. Andere Geraete lassen das abbrechen der Routenberechnung zu, bzw es reicht im Falle das Geraet auszuschalten, und wieder einzuschalten. .<\/p>\n<p>&nbsp;<\/p>\n<p>&nbsp;<\/p>\n<h3>Kannst du mir mit Mapsource, mkgmap,\u00a0 oder ... helfen, du kennst dich gut aus<\/h3>\n<p>Sorry, dafuer gibt es Foren, ich hab schon genug damit zu tun. Ausnahmen mache ich wenn sich jemand wirklich gut auskennt und selber GPS Programme hackt. Foren in denen dir sicherlich weitergeholfen wird sind www.naviuser.at oder <a class=\"linkification-ext\" title=\"Linkification: http:\/\/www.naviboard.de\" href=\"https:\/\/www.naviboard.de\/\">www.naviboard.de<\/a> Fuer mtb Fragen ist auch <a class=\"linkification-ext\" title=\"Linkification: http:\/\/www.mtb-news.de\" href=\"https:\/\/www.mtb-news.de\/\">www.mtb-news.de<\/a> hilfreich. Im englischen Sprachraum gibt es u.a. auf <a class=\"linkification-ext\" title=\"Linkification: http:\/\/www.groundspeak.com\" href=\"https:\/\/www.geocaching.com\/jobs\/\">www.groundspeak.com<\/a> ein gutes Forum. Sie auch hier:\u00a0<a class=\"linkification-ext\" title=\"Linkification: http:\/\/forum.openstreetmap.org\/index.php\" href=\"https:\/\/community.openstreetmap.org\/\">http:\/\/forum.openstreetmap.org\/index.php<\/a> oder unter <a class=\"linkification-ext\" title=\"Linkification: http:\/\/wiki.openstreetmap.org\" href=\"https:\/\/wiki.openstreetmap.org\/wiki\/Main_Page\">http:\/\/wiki.openstreetmap.org<\/a><\/p>\n<p>&nbsp;<\/p>\n<p>&nbsp;<\/p>\n<h3>Ich mag die Darstellung der Karten nicht. Die Farben des Waldes, etc.. passen mir nicht.<\/h3>\n<p>Du kannst das .TYP File bearbeiten mit <em>maptk<\/em>.\u00a0 Alle Objekte koennen unsichtbar gemacht werden indem man sie komplett transparent setzt. Mehr Infos dazu findet man vorallem auf www.naviuser.at oder <a class=\"linkification-ext\" title=\"Linkification: http:\/\/www.naviboard.de\" href=\"https:\/\/www.naviboard.de\/\">www.naviboard.de<\/a> und dort nach \"typfile\" suchen.<\/p>\n<p>&nbsp;<\/p>\n<p>&nbsp;<\/p>\n<h3>Bestimmte Flaechen (Polygone) fehlen oder werden nicht angezeigt<\/h3>\n<p>Hier gibt es prinzipiell mehrere moeglichkeiten. Wenn es ein halbwegs weit verbreiteter Tag ist (und somit von mir ausgewertet wird) gibt es die folgenden Fehler\/Probleme<\/p>\n<p>a) am haeufigsten wird statt einer Flaeche eine andere angezeigt. Bitte Flaechen innerhalb anderer Flaechen als Multipolygon inner\/outer korrekt einzeichnen. Sonst wird etwa eine Insel im See nicht angezeigt - oder der See nicht aber die Insel schon... Leider kann der Renderer fuer Garmin Karten aus OSM Daten (mkgmap) dies aber auch noch nicht 100% korrekt umsetzen.<\/p>\n<p>b) Meer kann zurzeit mit mkgmap nicht fehlerfrei (ohne \"Ueberschwemmungen\") gerendert werden, hier liegt das Hauptproblem mal wieder daran dass die Datenextrakte die ich von geofabrik benutze, haeufig unvollstaendig abgeschnitten sind - daher generiere ich die Karten ohne Meer um nicht riesige \"Ueberschwemmungen\" zu haben.<\/p>\n<p>c) Zurzeit zum Glueck noch sehr selten. Multipolygon Relationen koennen zurzeit nicht gerendert werden. (Also ein Multipolygon dass als Relation mit inner\/outer angelegt ist).<\/p>\n<p>Mapnik und Osmarender sind hier deutlich fortgeschrittener im Rendering und auch nicht so limitiert wie Garmin Karten. Die Garmin Umsetzungen werden nie 100% korrekt sein was Flaechen angeht. Wenn mehrere Flaechen aufeinander liegen, entscheidet die \"Draw Priority\" im .TYP-File welche Flaeche oben, welche unten gerendert wird. Daher hat jede Garmin Karte abhaengig vom Typfile woanders Probleme - denn was oben und was unten angezeigt wird (wenn nicht als Multipolygon eingetragen) kann nur fuer die komplette Karte entschieden werden (etwa Wald wo Wasser sein sollte, oder Wasser wo Wald sein sollte). Auch unterstuetzt mkgmap nicht das hierfuer\u00a0 oft verwendete, aber veraltete layer=Zahl Tag.<\/p>\n<p>&nbsp;<\/p>\n<p>&nbsp;<\/p>\n<h3>Ich wuerde gerne dein style-file einsehen<\/h3>\n<p>Sorry, das ist nicht mehr \u00f6ffentlich. Ich hatte zu viel schlechte Erfahrung und kaum Codevorschl\u00e4ge\/Verbesserungen.<\/p>\n<p>&nbsp;<\/p>\n<p>&nbsp;<\/p>\n<p>&nbsp;<\/p>\n<h3>Die Seite XXX ist auf Englisch statt auf Deutsch<\/h3>\n<p>Sorry, lern Englisch. Ich werd nicht alles uebersetzen, sondern nur die wichtigsten Seiten. Falls Links auf die englische statt die Deutschen Seiten verweisen, dann wei\u00dft micht drauf hin. Insbesondere Beschreibungen zu Programmen die sowieso englisch erfordern werden nicht uebersetzt.<\/p>\n<p>&nbsp;<\/p>\n<p>&nbsp;<\/p>\n<h3>In welchen Sprachen kann ich dich kontaktieren?<\/h3>\n<p>Ich bin bilingual in Englisch und Deutsch (bevorzuge aber Englisch), und verstehe auch ohne Probleme Anfragen auf Franzoesisch. Mein Spanisch, Italienisch und Chinesisch ist nur auf Grundwissen beschraenkt.<\/p>\n<p>&nbsp;<\/p>\n<p>&nbsp;<\/p>\n<h3>Ich m\u00f6chte die Karten auf Mac OSX benutzen<\/h3>\n<p>Seit gut 2 Jahren biete ich alle Karten auch f\u00fcr Mac OSx an... W\u00e4hle einfach den richtigen Unterpunkt bei Downloads.<\/p>\n<p>&nbsp;<\/p>\n<p>&nbsp;<\/p>\n<h3>Ich habe weitere Fragen zur VeloMap die hier noch nicht beantwortet wurden (oder auf den Seiten)<\/h3>\n<p>Kommentiere auf der Unterseite wo es dazugeh\u00f6rt, falls ich es sinnvoll halte ergaenze ich es oder schreib eine weitere Anleitung.<\/p>\n<p><\/p>","protected":false},"excerpt":{"rendered":"<\/p>\n<p>&nbsp;<\/p>\n<p>&nbsp;<\/p>\n<p>&nbsp;<\/p>\n<p> Ich moechte Fehler in den Kartendaten ausbessern, eweitern, GPS-Tracks hochladen, &#8230; <\/p>\n<p>Siehe hier https:\/\/www.velomap.org\/de\/tutorials\/participate\/ .<\/p>\n<p>&nbsp;<\/p>\n<p> Ich moechte zur VeloMap beitragen \/ eigene Wege hinzufuegen, &#8230;. <\/p>\n<p>Siehe hier https:\/\/www.velomap.org\/de\/tutorials\/participate\/ .<\/p>\n<p>&nbsp;<\/p>\n<p> Ich habe einen VeloMap Premium Account\/Mitgliedschaft &#8211; kann ich auch die Premium OpenMTBMaps runterladen? <\/p>\n<p>Ja Nat\u00fcrlich. Allerdings hat die OpenMTBMap.org Website, eine andere Datenbank. Dein Login funktioniert dort also nicht. Bitte lade alle OpenMTBMaps einfach von hier runter (im Prinzip nur den Richtung Unterbutton unter Download ausw\u00e4hlen):<\/p>\n<p>Windows\/Linux : https:\/\/www.velomap.org\/download\/openmtbmap\/<\/p>\n<p>Mac OSx &#8211; einfach nur runterscrollen, die OpenMTBMaps folgend den VeloMap Downloads<\/p>\n<p>&nbsp;<\/p>\n<p> Wann tauchen Aenderungen auf, bzw warum kann ich auf openstreetmap.org Stra\u00dfen sehen die in der VeloMap fehlen? <\/p>\n<p>Nach Updates, derzeit 1 mal pro Woche.<\/p>\n<p>&nbsp;<\/p>\n<p> Wie update ich die Maps? <\/p>\n<p>Einfach Installer nochmal dr\u00fcberrennen lassen.<\/p>\n<p>&nbsp;<\/p>\n<p> Die Karten \/ Downloads haben einen Virus (meist Norton\/Symanctec Antiviurs) : <\/p>\n<p>Wer Norton Antivirus benutzt &#8211; wird oft &#8220;WS.Reputation.1&#8221; threat als Virusmeldung bekommen. Dies ist eine klassische Fehlmeldung. Norton benutzt eine Regel die h\u00f6chst kritisch ist &#8211; Popul\u00e4re Programme die von vielen Usern gedownloaded werden, sind meist sicher. Programme die eine gewisse Installationsschwelle nicht erreichen &#8211; potentiel unsicher und als Fehlermeldung kommt dann die kryptische &#8220;WS.Reputation.1&#8221;. [&#8230;]<\/p>\n","protected":false},"author":2561,"featured_media":0,"parent":750,"menu_order":10,"comment_status":"open","ping_status":"closed","template":"","meta":{"footnotes":""},"class_list":["post-370","page","type-page","status-publish","hentry","odd"],"_links":{"self":[{"href":"https:\/\/www.velomap.org\/de\/wp-json\/wp\/v2\/pages\/370","targetHints":{"allow":["GET"]}}],"collection":[{"href":"https:\/\/www.velomap.org\/de\/wp-json\/wp\/v2\/pages"}],"about":[{"href":"https:\/\/www.velomap.org\/de\/wp-json\/wp\/v2\/types\/page"}],"author":[{"embeddable":true,"href":"https:\/\/www.velomap.org\/de\/wp-json\/wp\/v2\/users\/2561"}],"replies":[{"embeddable":true,"href":"https:\/\/www.velomap.org\/de\/wp-json\/wp\/v2\/comments?post=370"}],"version-history":[{"count":0,"href":"https:\/\/www.velomap.org\/de\/wp-json\/wp\/v2\/pages\/370\/revisions"}],"up":[{"embeddable":true,"href":"https:\/\/www.velomap.org\/de\/wp-json\/wp\/v2\/pages\/750"}],"wp:attachment":[{"href":"https:\/\/www.velomap.org\/de\/wp-json\/wp\/v2\/media?parent=370"}],"curies":[{"name":"wp","href":"https:\/\/api.w.org\/{rel}","templated":true}]}}