{"id":30,"date":"2009-04-07T14:17:11","date_gmt":"2009-04-07T13:17:11","guid":{"rendered":"http:\/\/openmtbmap.org\/?page_id=30"},"modified":"2022-05-29T23:55:23","modified_gmt":"2022-05-29T21:55:23","slug":"about-2","status":"publish","type":"page","link":"https:\/\/www.velomap.org\/de\/about-2\/","title":{"rendered":"OpenMTBMap"},"content":{"rendered":"<p><\/p>\n<h2><span style=\"font-size: 18pt;\">About OpenMTBMap.org<\/span><\/h2>\n<p style=\"text-align: left;\">I started working on OSM because I saw the chance that for the first time in history there could be maps by mtbikers for mtbikers. However there was not yet any structure to classify ways so I developed the <a class=\"linkification-ext\" title=\"Linkification: http:\/\/wiki.openstreetmap.org\/wiki\/Key:mtb:scale\" href=\"https:\/\/wiki.openstreetmap.org\/wiki\/Key:mtb:scale\">mtb:scale<\/a> as well as many other attribute keys for OSM. But hardly anyone used them, so I started to create maps that showed the tags, and after a few month put up OpenMTBMap.org to make the maps available for everyone to download.<\/p>\n<p style=\"text-align: left;\">Currently around 2000-5000 unique visitors enjoy OpenMTBMap.org every day (as measured with Google Analytics).<\/p>\n<p style=\"text-align: left;\">Openstreetmap gives us the ability to really create mtb focused maps \u2013 like no other map provider has ever done. Therefore I call on you \u2013 to get engaged and start participating like over 300.000 people worldwide already do!<\/p>\n<p><a href=\"https:\/\/www.velomap.org\/wp-content\/uploads\/screen1.png\"><img decoding=\"async\" src=\"https:\/\/www.velomap.org\/wp-content\/uploads\/screen1.jpg\" alt=\"\" align=\"\" \/><\/a>\u00a0\u00a0 <a href=\"https:\/\/www.velomap.org\/wp-content\/uploads\/screenx7.png\"><img decoding=\"async\" src=\"https:\/\/www.velomap.org\/wp-content\/uploads\/screenx7.jpg\" alt=\"\" align=\"\" \/><\/a><\/p>\n<p>&nbsp;<\/p>\n<h2>Hinweis f\u00fcr Premium-Mitglieder:<\/h2>\n<p>Dein Konto erlaubt es Dir nicht, dich in die OpenMTBMap-Website einzuloggen - Du kannst jedoch alle Openmtmbaps von hier herunterladen f\u00fcr Windows-Benutzer: <a href=\"https:\/\/www.velomap.org\/download\/openmtbmap\/\">https:\/\/www.velomap.org\/download\/openmtbmap\/<\/a><\/p>\n<p>Mac OSx-Benutzer - hier auf der normalen macosx-Download-Seite: <a href=\"https:\/\/www.velomap.org\/de\/download\/macosx\/\">https:\/\/www.velomap.org\/de\/download\/macosx\/<\/a><\/p>\n<p>Gmapsupp.img Downloads sind hier: <a href=\"https:\/\/www.velomap.org\/download\/premium-gmapsupp-img-directly-for-garmin-gps-units\/\">https:\/\/www.velomap.org\/download\/premium-gmapsupp-img-directly-for-garmin-gps-units\/<\/a><\/p>\n<p>&nbsp;<\/p>\n<h2>OpenMTBMap.org -- Das Schwesterprojekt von VeloMap.org<\/h2>\n<p>&nbsp;<\/p>\n<p>Im April 2009 habe ich begonnen, auf OpenMTBMap.org Garmin Karten zu veroeffentlichen, primaer fuer Mtbiker, Wanderer und Radfahrer. Damals gab es noch kaum spezifische Informationen fuer Mountainbiker in Openstreetmap. Dies hat sich schlagartig geandert. 1 Jahr spaeter sind schon mehr als 30.000 Wege in Europa speziell fuer Mountainbiker attributiert (Schwierigkeit, Bergauf\/Bergab, MTB-Routen....)<\/p>\n<p>Die Karten sind fuer Wanderer und Mtbiker gedacht.<\/p>\n<p>Mehr unter <a class=\"linkification-ext\" title=\"Linkification: https:\/\/openmtbmap.org\" href=\"https:\/\/openmtbmap.org\">https:\/\/openmtbmap.org<\/a><\/p>\n<ul>\n<li><span style=\"font-family: arial,helvetica,sans-serif;\"><strong><span lang=\"EN-GB\">6 Unterschiedliche Kartenlayouts<\/span><\/strong><span lang=\"EN-GB\">: F\u00fcnf kontraststarke Layouts f\u00fcr beste Ablesbarkeit auch bei wechselnden Lichtbedingungen am GPS - etwa zum Wandern oder zum Mountainbiken. Ein Kartenlayout f\u00fcr die Planung am Desktop. Siehe auch<\/span> <a class=\"linkification-ext\" title=\"Linkification: https:\/\/openmtbmap.org\/about-2\/map-legend\/\" href=\"https:\/\/openmtbmap.org\/de\/about-2\/map-legend\/\">Kartenlegende<\/a> oder <a href=\"https:\/\/openmtbmap.org\/de\/about-2\/screenshots-OpenMTBMap-gps\/\">Screenshots am GPS<\/a>. oder <a href=\"https:\/\/openmtbmap.org\/de\/about-2\/screenshots\/\">Screenshots am Dekstop<\/a>.<\/span><\/li>\n<li><span style=\"font-family: arial,helvetica,sans-serif;\"><strong><span lang=\"EN-GB\">Nicht nur Wegart sondern auch Befahrbarkeit klar ersichtlich:<\/span><\/strong><span lang=\"EN-GB\"> Die Karten zeigen deutlich mehr Details wie alle anderen Karten die es bisher zum Wandern oder Biken gibt. Etwa die Schwierigkeit von Wegen mit Pfeilen bergab und separat bergauf.\u00a0<\/span><\/span><\/li>\n<li><span style=\"font-family: arial,helvetica,sans-serif;\"><strong><span lang=\"EN-GB\">MTB &amp; Wandern &amp; Radeln relevante<\/span><\/strong><span lang=\"EN-GB\"> Informationen wie Trinkwasser, Bergh\u00fctten, Wegweiser, City Bike Stationen oder Fahrradshops suchbar und prominent dargestellt. MTB- &amp; Wander- &amp; Fahrradrouten neben den Wegen dargestellt je nach Wichtigkeit.<\/span><\/span><\/li>\n<li><strong><a href=\"https:\/\/openmtbmap.org\/de\/about-2\/autorouting\/\">Navigation &amp; Autorouting<\/a><\/strong> f\u00fcr Mountainbiker, Wanderer und Radler nach exklusiv in OSM aufgenommener Attribute\u00a0 (wie tracktype, mtb Schwierigkeit nach der Singletrailskala, SAC Skala, touristischer Routen, Ber\u00fccksichtung spezieller Stra\u00dfenregeln f\u00fcr Fahrradfahrer (etwa Fahrstreifen gegen die Einbahn) oder der Eignung zum Fahrradfahren allgemein) um die beste und nicht die schnellste Route zu berechnen.<\/li>\n<li><span style=\"font-family: arial,helvetica,sans-serif;\"><strong><span lang=\"EN-GB\">Einfache <a class=\"linkification-ext\" title=\"Linkification: https:\/\/openmtbmap.org\/tutorials\/install\/\" href=\"https:\/\/openmtbmap.org\/de\/tutorials\/install\/\">Installation<\/a> f\u00fcr<\/span><\/strong><\/span><span lang=\"EN-GB\"> Garmin Mapsource, Garmin Basecamp oder Qlandkarte GT um <a href=\"https:\/\/openmtbmap.org\/de\/about-2\/plan-routes\/\">Touren und Tracks am Desktop zu planen<\/a> und mit denselben Karten am <a href=\"https:\/\/openmtbmap.org\/de\/about-2\/compatibility\/\">GPS<\/a><\/span> nachzufahren.<\/li>\n<li><span lang=\"EN-GB\"><strong>H\u00f6henkonturlinien<\/strong> basierend auf den hervorragenden Daten von <a href=\"http:\/\/viewfinderpanoramas.org\">viewfinderpanoramas.org<\/a> - integriert f\u00fcr fast alle Karten. Deutlich genauer wie die normalen benutzten void filled SRTM 3\" Daten <\/span><\/li>\n<li><span style=\"font-family: arial,helvetica,sans-serif;\"><span lang=\"EN-GB\"><a href=\"https:\/\/openmtbmap.org\/de\/tutorials\/participate\/\"><strong>Hilf mit die Karten weiter zu verbessern!<\/strong><\/a> Da die Karten auf Openstreetmap Daten basieren, und einmal w\u00f6chentlich geupdated werden, kannst DU mithelfen die Karten zu verbessern, Wege oder POI anzulegen, oder einfach nur deine Tracks hochladen.<\/span><\/span><\/li>\n<li><span style=\"font-family: arial,helvetica,sans-serif;\"><strong><span lang=\"EN-GB\">Gute<\/span><\/strong><span lang=\"EN-GB\"> <strong>Dokumentation<\/strong> da alles was man zum benutzen der Karten wichtig ist auf OpenMTBMap.org erkl\u00e4rt wird. <\/span><\/span><a href=\"https:\/\/openmtbmap.org\/de\/tutorials\/beginnners_windows\/\" target=\"_blank\" rel=\"noopener\">Hilfe zum loszulegen - Erste Schritte<\/a> und <a href=\"https:\/\/openmtbmap.org\/de\/download\/\">lade die Karten deiner Wahl runter<\/a>. Die Karten werden w\u00f6chentlich geupdated!<\/li>\n<\/ul>\n<p><a href=\"https:\/\/www.velomap.org\/wp-content\/uploads\/innsbruck2.png\"><img loading=\"lazy\" decoding=\"async\" src=\"https:\/\/www.velomap.org\/wp-content\/uploads\/innsbruck2.jpg\" alt=\"\" width=\"333\" height=\"260\" align=\"\" \/><\/a>\u00a0\u00a0 <a href=\"https:\/\/www.velomap.org\/wp-content\/uploads\/images\/collage.png\" target=\"_blank\" rel=\"noopener\"><img decoding=\"async\" src=\"https:\/\/www.velomap.org\/wp-content\/uploads\/images\/collage2.jpg\" alt=\"\" align=\"\" \/><\/a><\/p>\n<h3>\u00a0<\/h3>\n<h3>F\u00fcr wen sind diese Karten gedacht?<\/h3>\n<p align=\"left\">Prim\u00e4r f\u00fcr Mountainbiker, Wanderer und Fahrradfahrer, die \u00fcbersichtliche und detailreiche Wander- \/ Mountainbike- \/ Fahrradkarten suchen. Umso mehr nat\u00fcrlich f\u00fcr Besitzer von Garmin GPS. Auf deinem Phone oder PDA kannst du mit Garmin Mobile XT oder Glopus die OpenMTBMaps darstellen.<\/p>\n<p align=\"left\">Nicht nur am GPS\/PDA\/Phone sondern auch am Desktop k\u00f6nnen die Karten angezeigt werden. Neben Garmin Mapsource (Windows only) und Basecamp (Windows &amp; Mac OSx) kann auch das Opensource Programm <a class=\"linkification-ext\" title=\"Linkification: http:\/\/www.qlandkarte.org\" href=\"http:\/\/www.qlandkarte.org\">Qlandkarte GT<\/a> (Linux, Windows, Mac OSx) die Karten hervorragend darstellen.\u00a0 Qlandkarte kann die Karten sogar transparent \u00fcber Rasterkarten darstellen (leider ohne POI\/Adresssuche oder Autorouting)<\/p>\n<p align=\"left\">\u00a0<\/p>\n<p align=\"left\">\u00a0<\/p>\n<h3>\u00dcber OpenMTBMap.org<\/h3>\n<p align=\"left\">Als ich die Website im April 2009 gestartet habe, mit der Intention, dass mehr Mountainbiker bei Openstreetmap.org mitarbeiten, waren die Informationen zu Schwierigkeitsgraden von Trails noch d\u00fcnn (nicht einmal 1000 Trails hatten MTB spezifischen Attribute), obwohl Openstreetmap nun schon seit 2004 existiert. Die Erfassung der Kartendaten geht nun aber immer schneller voran, und \u00fcber 300.000 User weltweit haben inzwischen Account bei Openstreetmap.org und arbeiten an den Karten mit. \u00dcber 80.000 Trails, gro\u00dfteils in Europa, sind inzwischen f\u00fcr Mtbiker klassifiziert.<\/p>\n<p align=\"left\">T\u00e4glich besuchen zwischen 2000 -5000 Besucher OpenMTBMap.org, und die meisten laden auch gleich Karten herunter. Es freut mich, dass\u00a0OpenMTBMap zum Unterst\u00fctzen der OSM\u00a0so eine gro\u00dfe Akzeptanz gefunden hat. Ich werde weiter daran arbeiten, dass die Karten besser werden, denn es gibt nat\u00fcrlich noch einiges zu verbessern. Ich hoffe, dass im Gegenzug neue Mitstreiter f\u00fcr die gr\u00f6\u00dfte freie Weltkarte - die OSM\u00a0- gewonnen werden.<\/p>\n<p align=\"left\"><a href=\"https:\/\/www.velomap.org\/wp-content\/uploads\/screen1.png\"><img decoding=\"async\" src=\"https:\/\/www.velomap.org\/wp-content\/uploads\/screen1.jpg\" alt=\"\" align=\"\" \/><\/a>\u00a0\u00a0 <a href=\"https:\/\/www.velomap.org\/wp-content\/uploads\/screenx7.png\" target=\"_blank\" rel=\"noopener\"><img decoding=\"async\" src=\"https:\/\/www.velomap.org\/wp-content\/uploads\/screenx7.jpg\" alt=\"\" align=\"\" \/><\/a><\/p>\n<p><\/p>\n<\/div>","protected":false},"excerpt":{"rendered":"<\/p>\n<p> About OpenMTBMap.org <\/p>\n<p style=\"text-align: left;\">I started working on OSM because I saw the chance that for the first time in history there could be maps by mtbikers for mtbikers. However there was not yet any structure to classify ways so I developed the mtb:scale as well as many other attribute keys for OSM. But hardly anyone used them, so I started to create maps that showed the tags, and after a few month put up OpenMTBMap.org to make the maps available for everyone to download.<\/p>\n<p style=\"text-align: left;\">Currently around 2000-5000 unique visitors enjoy OpenMTBMap.org every day (as measured with Google Analytics).<\/p>\n<p style=\"text-align: left;\">Openstreetmap gives us the ability to really create mtb focused maps \u2013 like no other map provider has ever done. Therefore I call on you \u2013 to get engaged and start participating like over 300.000 people worldwide already do!<\/p>\n<\/p>\n<p>&nbsp;<\/p>\n<p> Hinweis f\u00fcr Premium-Mitglieder: <\/p>\n<p>Dein Konto erlaubt es Dir nicht, dich in die OpenMTBMap-Website einzuloggen &#8211; Du kannst jedoch alle Openmtmbaps von hier herunterladen f\u00fcr Windows-Benutzer: https:\/\/www.velomap.org\/download\/openmtbmap\/<\/p>\n<p>Mac OSx-Benutzer &#8211; hier auf der normalen macosx-Download-Seite: https:\/\/www.velomap.org\/de\/download\/macosx\/<\/p>\n<p>Gmapsupp.img Downloads sind hier: https:\/\/www.velomap.org\/download\/premium-gmapsupp-img-directly-for-garmin-gps-units\/<\/p>\n<p>&nbsp;<\/p>\n<p> OpenMTBMap.org &#8212; Das Schwesterprojekt von VeloMap.org <\/p>\n<p>&nbsp;<\/p>\n<p>Im April 2009 habe ich begonnen, [&#8230;]<\/p>\n","protected":false},"author":2561,"featured_media":0,"parent":0,"menu_order":9,"comment_status":"open","ping_status":"closed","template":"","meta":{"footnotes":""},"class_list":["post-30","page","type-page","status-publish","hentry","odd"],"_links":{"self":[{"href":"https:\/\/www.velomap.org\/de\/wp-json\/wp\/v2\/pages\/30","targetHints":{"allow":["GET"]}}],"collection":[{"href":"https:\/\/www.velomap.org\/de\/wp-json\/wp\/v2\/pages"}],"about":[{"href":"https:\/\/www.velomap.org\/de\/wp-json\/wp\/v2\/types\/page"}],"author":[{"embeddable":true,"href":"https:\/\/www.velomap.org\/de\/wp-json\/wp\/v2\/users\/2561"}],"replies":[{"embeddable":true,"href":"https:\/\/www.velomap.org\/de\/wp-json\/wp\/v2\/comments?post=30"}],"version-history":[{"count":0,"href":"https:\/\/www.velomap.org\/de\/wp-json\/wp\/v2\/pages\/30\/revisions"}],"wp:attachment":[{"href":"https:\/\/www.velomap.org\/de\/wp-json\/wp\/v2\/media?parent=30"}],"curies":[{"name":"wp","href":"https:\/\/api.w.org\/{rel}","templated":true}]}}