{"id":225,"date":"2009-04-15T22:27:16","date_gmt":"2009-04-15T21:27:16","guid":{"rendered":"http:\/\/openmtbmap.org\/?page_id=225"},"modified":"2024-05-29T16:16:17","modified_gmt":"2024-05-29T14:16:17","slug":"mapsource","status":"publish","type":"page","link":"https:\/\/www.velomap.org\/de\/tutorials\/mapsource\/","title":{"rendered":"Karten senden mit Basecamp (Mapinstall) oder Mapsource"},"content":{"rendered":"<p><\/p>\n<p>Video-Tutorial \u00fcber das Senden von Karten mit MapInstall - untenstehende Erkl\u00e4rungen sind detaillierter:<\/p>\n<div style=\"width: 640px;\" class=\"wp-video\"><video class=\"wp-video-shortcode\" id=\"video-225-2\" width=\"640\" height=\"360\" preload=\"metadata\" controls=\"controls\"><source type=\"video\/mp4\" src=\"https:\/\/www.velomap.org\/wp-content\/uploads\/videos\/Karten_senden_MapInstall.mp4?_=2\" \/><a href=\"https:\/\/www.velomap.org\/wp-content\/uploads\/videos\/Karten_senden_MapInstall.mp4\">https:\/\/www.velomap.org\/wp-content\/uploads\/videos\/Karten_senden_MapInstall.mp4<\/a><\/video><\/div>\n<p>&nbsp;<\/p>\n<h3>Basics - Wie man Karten auf sein Garmin GPS Device bekommt<\/h3>\n<p>Zuerst einmal m\u00fcssen die Karten auf eurem PC oder Mac installiert werden - siehe dazu die vorherigen Tutorials - und dazu Garmin Basecamp installieren. Ist das geschehen k\u00f6nnt ihr die Karten an euer Garmin GPS Ger\u00e4t senden. Daf\u00fcr gibt es verschiedene M\u00f6glichkeiten - die einfachste f\u00fcr die meisten ist die Karten aus Basecamp heraus mit Garmin Mapinstall an das Ger\u00e4t - bzw besser an die microSD die ihr in eurem Ger\u00e4t benutzt zu senden. Windows Nutzer k\u00f6nnen auch Mapsource verwenden - dies hat den Vorteil dass die Selektion der Kacheln - also dem Ausschnitt der Karte den ihr an euer Ger\u00e4t senden m\u00f6chtet - per Vollbild ausw\u00e4hlbar ist. Mit Mapinstall ist das Auswahlfenster etwas kleiner - was aber auch kein Problem ist. (f\u00fcr Mapsource Karten senden Tutorial einfach runterscrollen) Eine weitere M\u00f6glichkeit ist die Karten in Qlandkarte GT zu laden - und von dort zu senden. Dies ist f\u00fcr Linux User am komfortabelsten (siehe dazu eigenes Tutorial) Die dritte M\u00f6glichkeit w\u00e4re die gmapsupp.img mit mkgmap zu erstellen - dies sollte erfahrenen Usern vorbehalten bleiben (bzw Windows Nutzer k\u00f6nnen die create_gmapsupp_wih_mkgmap.bat daf\u00fcr verwenden) - auch hierf\u00fcr eigenes Tutorial. \u00a0<\/p>\n<p><strong>Generell ist es am schnellsten <\/strong>- die microSD Speicherkarte - welche ihr in eurem Garmin GPS verwendet in einen Kartenleser zu stecken - und dann die Karten zu senden. Dies daher - da die USB \u00dcbertragungsraten der Garmin GPS Ger\u00e4te relativ langsam sind. Karten m\u00fcssen immer zuerst am PC\/Mac\/Desktop installiert werden - erst dann kann mans sie ans Ger\u00e4t senden! Achtung - maximal k\u00f6nnen je nach GPS Ger\u00e4te etwa 2000 oder 4000 Kartenkacheln \u00fcbertragen werden - sendet man mehr werden ziemlich wahllos weitere Kacheln\/Karten einfach nicht mehr erkannt\/eingelesen. Daher am besten nur so viele Karten \u00fcbertragen wie man in naher Zukunft braucht. \u00a0 \u00a0<\/p>\n<p>&nbsp;<\/p>\n<h3>Unterschiede zwischen GPS alter und neuer Generation:<\/h3>\n<p><strong>GPS Ger\u00e4te der neuen Generation (Oregon, Dakota, Colorado, etrex 20\/30, GPSMaps 62\/64 series, edge 800\/1000 ...) - Ger\u00e4te vorgestellt ab etwa 2010. <\/strong> Hier kann man so viele Kartens\u00e4tze ans GPS schicken wie man will (okay es gibt ein Limit das maximal 2025 bis 4096 Kacheln drauf sein d\u00fcrfen, sonst werden einfach einige nicht eingelesen) - solange man die GMAPSUPP.IMG im Ordner \/garmin umbenannt. Sprich etwa einfach aus GMAPSUPP.img VeloMap_at.IMG machen, und weitere Karte ans GPS schicken. Bitte keine Leerzeichen oder Sonderzeichen oder Umlaute beim umbenennen verwenden. (.IMG kann auch in Kleinbuchstaben als .img geschrieben sein). Jede *.IMG Karte ist separat aktivierbar\/deaktivierbar am GPS. Weill man also die H\u00f6henlinien separat am GPS ein-\/ausschalten k\u00f6nnen, w\u00e4hlt man bei der Installation am besten die separate H\u00f6henlinienkarte aus, und schickt diese als eigenes gmapsupp.img ans GPS, und benennt sie danach um - etwa in VeloMap_at_srtmonly.img \u00a0<\/p>\n<p><strong>GPS Devices alte Generation (Vista, Legend, 60 CSx, edge 705...) - oder Ger\u00e4te die bis etwa 2011 verkauft wurden. <\/strong> Auf diesen GPS Ger\u00e4ten wird nur eine einzige Kartendatei - n\u00e4mlich \/garmin\/GMAPSUPP.IMG eingelesen. Daher muss man alle Karten die man ans GPS senden will auf einmal senden, da vorher gesendete Karten \u00fcberschrieben werden. Will man die H\u00f6henlinien separat aktivieren\/deaktivieren am GPS, dann sollte man die Karte ohne H\u00f6henlinien installieren (bzw alle Kartenkacheln wo in der Klammer die Zahl mit 7 beginnt aus der Selektion l\u00f6schen) und die bei der Installation aktivierte separate H\u00f6henlinienkarte ausw\u00e4hlen. Dann sind im Kartenselektionsmen\u00fc anstelle einer Karte zwei Karten f\u00fcr das Land vorhanden. Einmal die normale Karte ohne H\u00f6henlinien, und einmal eine separate transparente Karte nur aus H\u00f6henlinien.<\/p>\n<h3>\u00a0<\/h3>\n<p>&nbsp;<\/p>\n<h3>Karten mit Basecamp bzw Mapinstall erstellen \/ ans GPS Device senden:<\/h3>\n<p>Genauso wie mit Mapsource, kann man auch mit Basecamp Karten senden, der Nachteil ist das kleinere Auswahlfenster f\u00fcr die Kartenkacheln - der Vorteil ist dass etwa gro\u00dfe Karten automatisch in mehrere Teile aufgesplittet werden (geht nat\u00fcrlich nur bei neuer GPS Generation). Bitte vorher \"Unterschiede zwischen GPS alter und neuer Generation\" weiter oben durchlesen. 1. a) Speicherkarte in Kartenleser stecken - dann auf das Menu \"Karten\" (Englisch \"Maps\") klicken - am Ende der Kartenliste befindet sich dann ein Punkt \"Karten installieren\" (Englisch \"Install Maps\"). Darauf klicken. <a href=\"https:\/\/www.velomap.org\/wp-content\/uploads\/2009\/04\/maps_menu.png\"><img loading=\"lazy\" decoding=\"async\" class=\"alignnone size-full wp-image-2293\" src=\"https:\/\/www.velomap.org\/wp-content\/uploads\/2009\/04\/maps_menu.png\" alt=\"maps_menu\" width=\"398\" height=\"50\" srcset=\"https:\/\/www.velomap.org\/wp-content\/uploads\/2009\/04\/maps_menu.png 398w, https:\/\/www.velomap.org\/wp-content\/uploads\/2009\/04\/maps_menu-150x19.png 150w\" sizes=\"auto, (max-width: 398px) 100vw, 398px\" \/><\/a><\/p>\n<p><a href=\"https:\/\/www.velomap.org\/wp-content\/uploads\/2009\/04\/Install_Maps_Basecamp.png\"><img loading=\"lazy\" decoding=\"async\" class=\"alignnone size-full wp-image-2292\" src=\"https:\/\/www.velomap.org\/wp-content\/uploads\/2009\/04\/Install_Maps_Basecamp.png\" alt=\"Install_Maps_Basecamp\" width=\"292\" height=\"150\" srcset=\"https:\/\/www.velomap.org\/wp-content\/uploads\/2009\/04\/Install_Maps_Basecamp.png 292w, https:\/\/www.velomap.org\/wp-content\/uploads\/2009\/04\/Install_Maps_Basecamp-150x77.png 150w\" sizes=\"auto, (max-width: 292px) 100vw, 292px\" \/><\/a><\/p>\n<p>Nun kommt ein Fenster wo man den Speicherort ausw\u00e4hlt. Im Screenshot hab ich ein GPS Ger\u00e4t (etrex Vista HCx) ausgew\u00e4hlt - dass sollte man m\u00f6glichst vermeiden - da es sicherer ist die Karten auf eine Speicherkarte zu senden - so kann man diese einfach entfernen sollte etwas nicht gehen. (und die Speicherkarte wie oben beschrieben am besten in ein Leseger\u00e4t stecken - da die \u00dcbertragung zu Garmins GPS Ger\u00e4ten via USB Kabel sehr langsam ist).<\/p>\n<p><a href=\"https:\/\/www.velomap.org\/wp-content\/uploads\/2009\/04\/Map_Install.png\"><img loading=\"lazy\" decoding=\"async\" class=\"alignnone size-full wp-image-2294\" src=\"https:\/\/www.velomap.org\/wp-content\/uploads\/2009\/04\/Map_Install.png\" alt=\"Map_Install\" width=\"783\" height=\"567\" srcset=\"https:\/\/www.velomap.org\/wp-content\/uploads\/2009\/04\/Map_Install.png 783w, https:\/\/www.velomap.org\/wp-content\/uploads\/2009\/04\/Map_Install-144x105.png 144w, https:\/\/www.velomap.org\/wp-content\/uploads\/2009\/04\/Map_Install-640x463.png 640w, https:\/\/www.velomap.org\/wp-content\/uploads\/2009\/04\/Map_Install-150x109.png 150w, https:\/\/www.velomap.org\/wp-content\/uploads\/2009\/04\/Map_Install-400x290.png 400w\" sizes=\"auto, (max-width: 783px) 100vw, 783px\" \/><\/a><\/p>\n<p>&nbsp;<\/p>\n<p>1. a) Auf Utilities (Werkzeuge) klicken und auf \"Install Maps on\" -- Karten installieren auf... klicken. Dieser Punkt ist nur anw\u00e4hlbar, wenn ein Garmin GPS mit dem PC verbunden ist (bzw Speicherkarte im Kartenleser). Alternativ-&gt;<\/p>\n<h4><img decoding=\"async\" src=\"https:\/\/www.velomap.org\/wp-content\/uploads\/images\/installation\/16.png\" alt=\"\" align=\"\" border=\"\" hspace=\"\" vspace=\"\" \/><\/h4>\n<p>1. b) Speicherkarte\/GPS links im Men\u00fc ausw\u00e4hlen, und auf den Ordner \"All Data\" -- Alle Daten rechts klicken. Dann auf \"installl maps on\" klicken.<\/p>\n<h4><img decoding=\"async\" src=\"https:\/\/www.velomap.org\/wp-content\/uploads\/images\/installation\/15.png\" alt=\"\" align=\"\" border=\"\" hspace=\"\" vspace=\"\" \/><\/h4>\n<p>\u00a0 2. Alle Kartenkacheln ausw\u00e4hlen (hierzu muss man mit Gedr\u00fcckter linker Maustaste \u00fcber die Kartenkacheln die Maus ziehen. Achtung - bei Selektion per einfachem Klick mit linker Maustaste - erwischt man nur entweder die H\u00f6henlinienkacheln, oder die Karten. Nicht beides.<\/p>\n<h4><img decoding=\"async\" src=\"https:\/\/www.velomap.org\/wp-content\/uploads\/images\/installation\/17.png\" alt=\"\" align=\"\" border=\"\" hspace=\"\" vspace=\"\" \/><\/h4>\n<p>\u00a0Will man Kartenkacheln aus mehr als einer Karte ausw\u00e4hlen, so f\u00e4hrt man nun fort, indem man im Men\u00fc unten die Karte wechselt, und bei der n\u00e4chsten Karte mit der Kachel Auswahl fortf\u00e4hrt. Rechts sieht man immer wieviel Speicherplatz noch frei ist (und dies ist auch der einzige Vorteil gegen\u00fcber Mapsource). Zum Schluss einfach auf \"Next\" bzw \"Weiter\" klicken, und darauf noch einmal best\u00e4tigen.<\/p>\n<h4><img decoding=\"async\" src=\"https:\/\/www.velomap.org\/wp-content\/uploads\/images\/installation\/18.png\" alt=\"\" align=\"\" border=\"\" hspace=\"\" vspace=\"\" \/><\/h4>\n<p>&nbsp;<\/p>\n<h4>Ger\u00e4t nicht gefunden \/ Ger\u00e4t nicht kompatibel mit Basecamp<\/h4>\n<p>Alle Garmin-Ger\u00e4te sind mit den von Garmin Mapinstall (oder auch Mapsource) gesendeten Karten kompatibel - einige melden jedoch an MapInstall, dass sie nicht erscheinen sollen. Um dies zu beheben, f\u00fchren Sie einige Schritte aus:<\/p>\n<ol>\n<li>Stellen Sie sicher, dass das Ger\u00e4t als externes Laufwerk in Ihrem Dateimanager\/Explorer angezeigt wird. Unter Mac OSx m\u00fcssen Sie manchmal \u201eAndroid File Transfer\u201c installieren (einige Orte, an denen Sie es herunterladen k\u00f6nnen: <a href=\"https:\/\/android-file-transfer.en.uptodown.com\/mac\/download\">https:\/\/android-file-transfer.en.uptodown.com\/mac\/download<\/a> oder <a href=\"https:\/\/www.chip.de\/downloads\/Android-File-Transfer_53192185.html\">https:\/\/www.chip.de\/downloads\/Android-File-Transfer_53192185.html<\/a> - Siehe auch hier: <a href=\"https:\/\/forums.garmin.com\/outdoor-recreation\/outdoor-recreation\/f\/fenix-7-series\/307805\/android-file-transfer---getting-it-to-work-reliably-on-a-mac?service=https:%2f%2fforums.garmin.com%2foutdoor-recreation%2foutdoor-recreation%2ff%2ffenix-7-series%2f307805%2fandroid-file-transfer---getting-it-to-work-reliably-on-a-mac\">android-file-transfer---getting-it-to-work-reliably-on-a-mac<\/a> ) - stellen Sie sicher, dass Garmin Express gestoppt wird, wenn es l\u00e4uft, bevor Sie MapInstall starten - m\u00f6glicherweise m\u00fcssen Sie dies \u00fcber den Prozessmanager tun. Oder starten Sie neu und stellen Sie sicher, dass Garmin Express nicht auf Autostart eingestellt ist).<\/li>\n<li>Bei einigen Garmin-Ger\u00e4ten muss die Datei <a href=\"https:\/\/openmtbmap.org\/GarminDevice.xml\">GarminDevice.xml<\/a> ge\u00e4ndert oder gel\u00f6scht werden, bevor Sie Karten, Tracks oder Routen senden k\u00f6nnen. Wenn Sie die Datei l\u00f6schen, k\u00f6nnen Sie sofort Karten senden - allerdings nur bis zu 4 GB. Wenn Sie gr\u00f6\u00dfere Karten senden m\u00f6chten, m\u00fcssen Sie die Datei \u00e4ndern. Karten werden immer in den Ordner \/garmin auf Ihrem Ger\u00e4t oder auf der SD-Karte des Ger\u00e4ts gesendet - (Sie ben\u00f6tigen jedoch m\u00f6glicherweise eine f\u00fcr Ihr Ger\u00e4t angepasste<a href=\"https:\/\/openmtbmap.org\/GarminDevice.xml\"> GarminDevice.xml<\/a>, um Routen oder Tracks in das richtige Verzeichnis zu senden. Das edge 1040 z.B. erwartet Routen und Tracks im Ordner \/garmin\/NewFiles.). Die hier verlinkte GarminDevice.xml funktioniert f\u00fcr Garmin Edge 1040 Ger\u00e4te. Diese Datei wird von jedem Garmin-Ger\u00e4t beim Neustart von Grund auf neu erstellt. Es muss also jedes mal vor dem Senden von Karten &gt;4GB wiederholt werden, bzw bei kleineren Karten diese Datei zuerst l\u00f6schen damit MapInstall bereit ist Karten zu senden.<\/li>\n<\/ol>\n<p>&nbsp;<\/p>\n<h4>\u00a0 4GB Limit when die mSD Karte nicht im GPS Ger\u00e4t ist<\/h4>\n<p>Basecamp sendet nur dann \u00fcber 4GB an Karten - wenn es die GarminDevice.xml Datei des Ger\u00e4tes lesen kann. Man kann also auch einfach die GarminDevice.xml vom Ger\u00e4t aus dem \/garmin Ordner kopieren - und zus\u00e4tzlich auf die mSD Karte in den \/garmin Ordner kopieren . Dann kann man auch &gt;4GB Karten auf einmal an eine Speicherkarte in einem Kartenleseger\u00e4t senden - was meist erheblich schneller it. \u00a0<\/p>\n<p>Hier ist eine <a title=\"GarminDevice.xml\" href=\"https:\/\/openmtbmap.org\/GarminDevice.xml\">https:\/\/openmtbmap.org\/GarminDevice.xml<\/a> falls du etwa nicht direkt an dein Garmin GPS Ger\u00e4t die Karten senden kannst (Fenix 7X Pro etwa) - diese Datei auf der Fenix 7X Pro ersetzen nach Verbinden mit PC, dann lassen sich Karten senden. Die Datei wird bei jedem Neustart \u00fcberschrieben. Oder diese GarminDevice.xml auf ein externes Laufwerk spielen - um die 4GB Grenze von MapInstall zu umgehen (Stammt von Edge 1040).<\/p>\n<h3>\u00a0<\/h3>\n<h3>Windows only - Karten senden mit Mapsource<\/h3>\n<p>\u00a0Achtung - Es ist nicht empfehlenswert Kacheln per Linksklick ausw\u00e4hlen wenn man H\u00f6henlinien installiert hat, denn dann werden entweder nur diese, oder nur die Karten ausgew\u00e4hlt. Sicher geht man indem man mit gedr\u00fcckter Linkstaste ueber den gewuenschten Bereich zieht. Bei modernen Garmin GPS devices (alle Touchscreen Devices, oder etrex x0, oder gpsmaps 62) sollte man unten links in der Ecke noch auf \"Mapset Name\" gehen, und einen sinnvollen Kartennamen manuell eingeben.<\/p>\n<h4><img loading=\"lazy\" decoding=\"async\" src=\"https:\/\/www.velomap.org\/wp-content\/uploads\/images\/installation\/36.png\" alt=\"\" width=\"715\" height=\"820\" align=\"\" border=\"\" hspace=\"\" vspace=\"\" \/><\/h4>\n<p>M\u00f6chte man die Autoroutinginformationen nicht \u00fcbertragen, dann muss man den Haken deaktivieren. Der h\u00e4ufigste Fehler wenn Autorouting am Ger\u00e4t nicht funktioniert liegt daran, dass der Haken hier nicht gesetzt ist. <a href=\"https:\/\/www.velomap.org\/wp-content\/uploads\/mapsource3.gif\"><img loading=\"lazy\" decoding=\"async\" class=\"alignnone size-full wp-image-228\" title=\"mapsource3\" src=\"https:\/\/www.velomap.org\/wp-content\/uploads\/mapsource3.gif\" alt=\"mapsource3\" width=\"294\" height=\"59\" \/><\/a> \u00a0 \u00a0<\/p>\n<h3>Fuer Neulinge in Mapsource:<\/h3>\n<p>Mapsource ist das einfachste Programm um die VeloMaps an Garmin GPS zu senden. Man sollte ein paar Grundregeln beachten 0. Oben links in der Ecke befindet sich ein Drop Down Menu (links vom \"+\" und \"-\" Button, im Screenshot seht ihr dass dies zurzeit openmtbmap_at einblendet. Hier muss die Karte ausgew\u00e4hlt werden wenn sie es noch nicht ist. Das Men\u00fc wird nur angezeigt wenn mehr als eine Karte installiert ist.<\/p>\n<h4><img loading=\"lazy\" decoding=\"async\" src=\"https:\/\/www.velomap.org\/wp-content\/uploads\/images\/installation\/7.png\" alt=\"\" width=\"505\" height=\"34\" align=\"\" border=\"\" hspace=\"\" vspace=\"\" \/><\/h4>\n<p>1. Herauszoomen (am besten zu 30 - 70km bei details \"Medium\" ) -- Am schnellsten geht dies \u00fcber das Drop-down Men\u00fc (im obigen Screenshot auf 150m).<\/p>\n<p>2. Das Karten Selektionswerkzeug in der Werkzeugleiste ausw\u00e4hlen: <a href=\"https:\/\/www.velomap.org\/wp-content\/uploads\/mapsource1.gif\"><img loading=\"lazy\" decoding=\"async\" class=\"alignnone size-full wp-image-226\" title=\"mapsource1\" src=\"https:\/\/www.velomap.org\/wp-content\/uploads\/mapsource1.gif\" alt=\"mapsource1\" width=\"37\" height=\"35\" \/><\/a> \u00a0<\/p>\n<p>3. Nun den linken Mausbutton halten und \u00fcber den gew\u00fcnschten Bereich ziehen. Man sieht dass die Kacheln von gelbem auf rosa Hintergrund wechseln. (Nicht per Linksklick markieren sonst fehlen eventuell Kartendaten, insbesondere wenn man H\u00f6henlinien integriert hat). Will man nun etwa nur die Karten ohne H\u00f6henlinien ans GPS\/Speicherkarte senden, kann man links in der Kartenkachelliste alle Kacheln l\u00f6schen wo in der Klammer die Nummer mit 7 beginnt. Will man nur H\u00f6henlinien ans GPS\/Speicherkarte Senden, alle Kartenkacheln l\u00f6schen wo die Nummer in der Klammer mit 6 beginnt (etwa 63650000).<\/p>\n<h4><img loading=\"lazy\" decoding=\"async\" src=\"https:\/\/www.velomap.org\/wp-content\/uploads\/images\/installation\/36.png\" alt=\"\" width=\"715\" height=\"820\" align=\"\" border=\"\" hspace=\"\" vspace=\"\" \/><\/h4>\n<p>\u00a0 4 Hat man ein Garmin GPS der alten Generation (siehe weiter unten) muss man nun zur\u00fcck zu Schritt 0 - wenn man mehrere Karten am GPS haben will. Also andere Karte ausw\u00e4hlen, und auch hier wieder alle Kacheln markieren die man ans GPS \u00fcbertragen will. Achtung, es werden beim senden immer die alten Karten \u00fcberschrieben (besser gesagt alle Karten die sich unter \/garmin\/gmapsupp.img befinden, Basemaps sind unter einem anderen Namen abgespeichert und werden nicht \u00fcberschrieben). Maximal kann man bis zu 4096MB an Karten ausw\u00e4hlen (\u00e4ltere GPS brauchen daf\u00fcr eventuell ein Firmwareupdate, da fr\u00fcher nur 2048MB m\u00f6glich waren). Man muss immer alle Karten auf einmal ans GPS senden, alte Karten werden gel\u00f6scht. (dies sollte keine Vorinstallierten Karten betreffen - wenn dies passiert sind diese h\u00f6chstwahrscheinlich illegal vom H\u00e4ndler auf das GPS kopiert worden und nicht von Garmin installiert worden - zur Sicherheit damit nichts verlorengeht am besten vorher ein Backup vom GPS machen) \u00a0<\/p>\n<p>&nbsp;<\/p>\n<p>5. Sicherstellen dass der Autoroutinghaken gesetzt ist - sonst sind die Karten am GPS nicht Routingf\u00e4hig.<\/p>\n<p><a href=\"https:\/\/www.velomap.org\/wp-content\/uploads\/mapsource3.gif\"><img loading=\"lazy\" decoding=\"async\" class=\"alignnone size-full wp-image-228\" title=\"mapsource3\" src=\"https:\/\/www.velomap.org\/wp-content\/uploads\/mapsource3.gif\" alt=\"mapsource3\" width=\"294\" height=\"59\" \/><\/a> \u00a0<\/p>\n<p>&nbsp;<\/p>\n<p>6. In Men\u00fc auf\u00a0 Transfer (Uebertragen) klicken --&gt; \"Send to Device\" - am schnellsten geht das Karten Senden wenn man die Karten auf eine SD\/microSD Karte in einem externen Kartenleser \u00fcbertr\u00e4gt, denn sonst wird nur mit USB 1.1 \u00fcbertragen (auf vielen Ger\u00e4ten, evtl gibt es auch welche die USB 2.0 Fullspeed unterst\u00fctzen). Man kann Karten auch auf externe Laufwerke senden, zum Beispiel weil man mit gmaptool diese noch bearbeiten m\u00f6chte oder mit anderen gmapsupp.img zu einem Kartensatz hinzufuegen moechte. Ich empfehle Karten wenn m\u00f6glich immer auf externe Speicherkarte zu senden, und nicht auf den GPS internen Speicher.<\/p>\n<h4><img loading=\"lazy\" decoding=\"async\" src=\"https:\/\/www.velomap.org\/wp-content\/uploads\/images\/installation\/13.png\" alt=\"\" width=\"338\" height=\"120\" align=\"\" border=\"\" hspace=\"\" vspace=\"\" \/><\/h4>\n<p><a href=\"https:\/\/www.velomap.org\/wp-content\/uploads\/mapsource4.gif\"><img loading=\"lazy\" decoding=\"async\" class=\"alignnone size-full wp-image-229\" title=\"mapsource4\" src=\"https:\/\/www.velomap.org\/wp-content\/uploads\/mapsource4.gif\" alt=\"mapsource4\" width=\"259\" height=\"287\" \/><\/a> <\/p>","protected":false},"excerpt":{"rendered":"<\/p>\n<p>Video-Tutorial \u00fcber das Senden von Karten mit MapInstall &#8211; untenstehende Erkl\u00e4rungen sind detaillierter:<\/p>\n<p> https:\/\/www.velomap.org\/wp-content\/uploads\/videos\/Karten_senden_MapInstall.mp4 <\/p>\n<p>&nbsp;<\/p>\n<p> Basics &#8211; Wie man Karten auf sein Garmin GPS Device bekommt <\/p>\n<p>Zuerst einmal m\u00fcssen die Karten auf eurem PC oder Mac installiert werden &#8211; siehe dazu die vorherigen Tutorials &#8211; und dazu Garmin Basecamp installieren. Ist das geschehen k\u00f6nnt ihr die Karten an euer Garmin GPS Ger\u00e4t senden. Daf\u00fcr gibt es verschiedene M\u00f6glichkeiten &#8211; die einfachste f\u00fcr die meisten ist die Karten aus Basecamp heraus mit Garmin Mapinstall an das Ger\u00e4t &#8211; bzw besser an die microSD die ihr in eurem Ger\u00e4t benutzt zu senden. Windows Nutzer k\u00f6nnen auch Mapsource verwenden &#8211; dies hat den Vorteil dass die Selektion der Kacheln &#8211; also dem Ausschnitt der Karte den ihr an euer Ger\u00e4t senden m\u00f6chtet &#8211; per Vollbild ausw\u00e4hlbar ist. Mit Mapinstall ist das Auswahlfenster etwas kleiner &#8211; was aber auch kein Problem ist. (f\u00fcr Mapsource Karten senden Tutorial einfach runterscrollen) Eine weitere M\u00f6glichkeit ist die Karten in Qlandkarte GT zu laden &#8211; und von dort zu senden. Dies ist f\u00fcr Linux User am komfortabelsten (siehe dazu eigenes Tutorial) Die dritte M\u00f6glichkeit w\u00e4re die gmapsupp.img mit mkgmap zu erstellen &#8211; dies sollte erfahrenen Usern vorbehalten [&#8230;]<\/p>\n","protected":false},"author":2561,"featured_media":0,"parent":144,"menu_order":7,"comment_status":"open","ping_status":"closed","template":"","meta":{"footnotes":""},"class_list":["post-225","page","type-page","status-publish","hentry","odd"],"_links":{"self":[{"href":"https:\/\/www.velomap.org\/de\/wp-json\/wp\/v2\/pages\/225","targetHints":{"allow":["GET"]}}],"collection":[{"href":"https:\/\/www.velomap.org\/de\/wp-json\/wp\/v2\/pages"}],"about":[{"href":"https:\/\/www.velomap.org\/de\/wp-json\/wp\/v2\/types\/page"}],"author":[{"embeddable":true,"href":"https:\/\/www.velomap.org\/de\/wp-json\/wp\/v2\/users\/2561"}],"replies":[{"embeddable":true,"href":"https:\/\/www.velomap.org\/de\/wp-json\/wp\/v2\/comments?post=225"}],"version-history":[{"count":0,"href":"https:\/\/www.velomap.org\/de\/wp-json\/wp\/v2\/pages\/225\/revisions"}],"up":[{"embeddable":true,"href":"https:\/\/www.velomap.org\/de\/wp-json\/wp\/v2\/pages\/144"}],"wp:attachment":[{"href":"https:\/\/www.velomap.org\/de\/wp-json\/wp\/v2\/media?parent=225"}],"curies":[{"name":"wp","href":"https:\/\/api.w.org\/{rel}","templated":true}]}}